{"id":7355,"date":"2024-03-12T01:47:18","date_gmt":"2024-03-11T23:47:18","guid":{"rendered":"https:\/\/dev2.hidrostyle.ro\/?post_type=product&#038;p=7355"},"modified":"2025-02-05T14:36:13","modified_gmt":"2025-02-05T12:36:13","slug":"heat-treated-black-metal-bucket","status":"publish","type":"product","link":"https:\/\/dev2.hidrostyle.ro\/en\/store\/heat-treated-black-metal-bucket\/","title":{"rendered":"Galeata Narvi din lemn termotratat \u0219i metal negru"},"content":{"rendered":"","protected":false},"excerpt":{"rendered":"<p>G\u0103leat\u0103 Narvi din lemn termotratat \u0219i metal negru &#8211; construc\u021bie robust\u0103 pentru saun\u0103. Design elegant Nordic, material durabil, ideal\u0103 pentru aburi \u0219i r\u0103corire.<\/p>","protected":false},"featured_media":7120,"comment_status":"open","ping_status":"closed","template":"","meta":[],"product_brand":[],"product_cat":[95,96,185,190],"product_tag":[],"class_list":{"0":"post-7355","1":"product","2":"type-product","3":"status-publish","4":"has-post-thumbnail","6":"product_cat-saune","7":"product_cat-accesorii-saune","8":"product_cat-marca","9":"product_cat-narvi","11":"first","12":"instock","13":"taxable","14":"shipping-taxable","15":"purchasable","16":"product-type-simple"},"_links":{"self":[{"href":"https:\/\/dev2.hidrostyle.ro\/en\/wp-json\/wp\/v2\/product\/7355","targetHints":{"allow":["GET"]}}],"collection":[{"href":"https:\/\/dev2.hidrostyle.ro\/en\/wp-json\/wp\/v2\/product"}],"about":[{"href":"https:\/\/dev2.hidrostyle.ro\/en\/wp-json\/wp\/v2\/types\/product"}],"replies":[{"embeddable":true,"href":"https:\/\/dev2.hidrostyle.ro\/en\/wp-json\/wp\/v2\/comments?post=7355"}],"wp:featuredmedia":[{"embeddable":true,"href":"https:\/\/dev2.hidrostyle.ro\/en\/wp-json\/wp\/v2\/media\/7120"}],"wp:attachment":[{"href":"https:\/\/dev2.hidrostyle.ro\/en\/wp-json\/wp\/v2\/media?parent=7355"}],"wp:term":[{"taxonomy":"product_brand","embeddable":true,"href":"https:\/\/dev2.hidrostyle.ro\/en\/wp-json\/wp\/v2\/product_brand?post=7355"},{"taxonomy":"product_cat","embeddable":true,"href":"https:\/\/dev2.hidrostyle.ro\/en\/wp-json\/wp\/v2\/product_cat?post=7355"},{"taxonomy":"product_tag","embeddable":true,"href":"https:\/\/dev2.hidrostyle.ro\/en\/wp-json\/wp\/v2\/product_tag?post=7355"}],"curies":[{"name":"wp","href":"https:\/\/api.w.org\/{rel}","templated":true}]}}