{"id":7351,"date":"2024-03-12T01:41:35","date_gmt":"2024-03-11T23:41:35","guid":{"rendered":"https:\/\/dev2.hidrostyle.ro\/?post_type=product&#038;p=7351"},"modified":"2025-02-05T14:35:26","modified_gmt":"2025-02-05T12:35:26","slug":"pine-wood-bucket","status":"publish","type":"product","link":"https:\/\/dev2.hidrostyle.ro\/en\/store\/pine-wood-bucket\/","title":{"rendered":"G\u0103leat\u0103 Narvi din lemn de pin"},"content":{"rendered":"","protected":false},"excerpt":{"rendered":"<div class=\"value _ngcontent-lzj-22\"><span class=\"_ngcontent-lzj-23\">G\u0103leat\u0103 Narvi din lemn de pin &#8211; design tradi\u021bional pentru saun\u0103. Construc\u021bie natural\u0103 robust\u0103, perfect\u0103 pentru aburi \u0219i r\u0103corire, completeaz\u0103 atmosfera saunei.<\/span><\/div>","protected":false},"featured_media":7119,"comment_status":"open","ping_status":"closed","template":"","meta":[],"product_brand":[],"product_cat":[95,96,185,190],"product_tag":[],"class_list":{"0":"post-7351","1":"product","2":"type-product","3":"status-publish","4":"has-post-thumbnail","6":"product_cat-saune","7":"product_cat-accesorii-saune","8":"product_cat-marca","9":"product_cat-narvi","11":"first","12":"instock","13":"taxable","14":"shipping-taxable","15":"purchasable","16":"product-type-simple"},"_links":{"self":[{"href":"https:\/\/dev2.hidrostyle.ro\/en\/wp-json\/wp\/v2\/product\/7351","targetHints":{"allow":["GET"]}}],"collection":[{"href":"https:\/\/dev2.hidrostyle.ro\/en\/wp-json\/wp\/v2\/product"}],"about":[{"href":"https:\/\/dev2.hidrostyle.ro\/en\/wp-json\/wp\/v2\/types\/product"}],"replies":[{"embeddable":true,"href":"https:\/\/dev2.hidrostyle.ro\/en\/wp-json\/wp\/v2\/comments?post=7351"}],"wp:featuredmedia":[{"embeddable":true,"href":"https:\/\/dev2.hidrostyle.ro\/en\/wp-json\/wp\/v2\/media\/7119"}],"wp:attachment":[{"href":"https:\/\/dev2.hidrostyle.ro\/en\/wp-json\/wp\/v2\/media?parent=7351"}],"wp:term":[{"taxonomy":"product_brand","embeddable":true,"href":"https:\/\/dev2.hidrostyle.ro\/en\/wp-json\/wp\/v2\/product_brand?post=7351"},{"taxonomy":"product_cat","embeddable":true,"href":"https:\/\/dev2.hidrostyle.ro\/en\/wp-json\/wp\/v2\/product_cat?post=7351"},{"taxonomy":"product_tag","embeddable":true,"href":"https:\/\/dev2.hidrostyle.ro\/en\/wp-json\/wp\/v2\/product_tag?post=7351"}],"curies":[{"name":"wp","href":"https:\/\/api.w.org\/{rel}","templated":true}]}}