{"id":7339,"date":"2024-03-12T01:24:36","date_gmt":"2024-03-11T23:24:36","guid":{"rendered":"https:\/\/dev2.hidrostyle.ro\/?post_type=product&#038;p=7339"},"modified":"2025-01-27T17:06:59","modified_gmt":"2025-01-27T15:06:59","slug":"4-tier-steps","status":"publish","type":"product","link":"https:\/\/dev2.hidrostyle.ro\/en\/store\/4-tier-steps\/","title":{"rendered":"Scar\u0103 cu 4 trepte \u0219i balustrad\u0103 tripl\u0103 pentru Swim Spa"},"content":{"rendered":"","protected":false},"excerpt":{"rendered":"<p>Scara cu trepte exterioare cu 4 nivele pentru Swim Spa Endless Pools\u00ae au dou\u0103 balustrade laterale \u0219i una posterioar\u0103, permi\u021b\u00e2nd multiple configura\u021bii \u00een utilizare. Proiectate pentru asamblare u\u0219oar\u0103, aceste trepte robuste au o capacitate de 181 kg. Fiecare treapt\u0103 m\u0103soar\u0103 30.5 cm x 91.4 cm. \u00cen\u0103l\u021bimea sc\u0103rii este de 81.3 cm, sau 167.6 cm incluz\u00e2nd balustradele.<\/p>\n<p>Dimensions 76.5cm W x 127cm D x 71.5cm H<\/p>","protected":false},"featured_media":7110,"comment_status":"open","ping_status":"closed","template":"","meta":[],"product_brand":[],"product_cat":[93,94],"product_tag":[],"class_list":{"0":"post-7339","1":"product","2":"type-product","3":"status-publish","4":"has-post-thumbnail","6":"product_cat-swim-spa","7":"product_cat-accesorii-swim-spa","9":"first","10":"instock","11":"taxable","12":"shipping-taxable","13":"purchasable","14":"product-type-simple"},"_links":{"self":[{"href":"https:\/\/dev2.hidrostyle.ro\/en\/wp-json\/wp\/v2\/product\/7339","targetHints":{"allow":["GET"]}}],"collection":[{"href":"https:\/\/dev2.hidrostyle.ro\/en\/wp-json\/wp\/v2\/product"}],"about":[{"href":"https:\/\/dev2.hidrostyle.ro\/en\/wp-json\/wp\/v2\/types\/product"}],"replies":[{"embeddable":true,"href":"https:\/\/dev2.hidrostyle.ro\/en\/wp-json\/wp\/v2\/comments?post=7339"}],"wp:featuredmedia":[{"embeddable":true,"href":"https:\/\/dev2.hidrostyle.ro\/en\/wp-json\/wp\/v2\/media\/7110"}],"wp:attachment":[{"href":"https:\/\/dev2.hidrostyle.ro\/en\/wp-json\/wp\/v2\/media?parent=7339"}],"wp:term":[{"taxonomy":"product_brand","embeddable":true,"href":"https:\/\/dev2.hidrostyle.ro\/en\/wp-json\/wp\/v2\/product_brand?post=7339"},{"taxonomy":"product_cat","embeddable":true,"href":"https:\/\/dev2.hidrostyle.ro\/en\/wp-json\/wp\/v2\/product_cat?post=7339"},{"taxonomy":"product_tag","embeddable":true,"href":"https:\/\/dev2.hidrostyle.ro\/en\/wp-json\/wp\/v2\/product_tag?post=7339"}],"curies":[{"name":"wp","href":"https:\/\/api.w.org\/{rel}","templated":true}]}}