{"id":7334,"date":"2024-03-12T01:19:39","date_gmt":"2024-03-11T23:19:39","guid":{"rendered":"https:\/\/dev2.hidrostyle.ro\/?post_type=product&#038;p=7334"},"modified":"2025-02-05T14:46:53","modified_gmt":"2025-02-05T12:46:53","slug":"freshwater-spa-jump","status":"publish","type":"product","link":"https:\/\/dev2.hidrostyle.ro\/en\/store\/freshwater-spa-jump\/","title":{"rendered":"Sare 100% natural\u0103 FreshWater pentru cada cu hidromasaj"},"content":{"rendered":"","protected":false},"excerpt":{"rendered":"<p>Sare 100% natural\u0103 FreshWater pentru sistemul cu sare al \u00een cada cu hidromasaj. Sac 4.5kg, calitate premium, asigur\u0103 tratarea optim\u0103 a apei. Compatibila cu brandurile de cazi cu hidromasaj Caldera Spas si HotSpring<\/p>","protected":false},"featured_media":7111,"comment_status":"open","ping_status":"closed","template":"","meta":[],"product_brand":[],"product_cat":[19,97,91,185,192],"product_tag":[],"class_list":{"0":"post-7334","1":"product","2":"type-product","3":"status-publish","4":"has-post-thumbnail","6":"product_cat-magazin-hidromasaj","7":"product_cat-sistem-cu-sare","8":"product_cat-consumabile","9":"product_cat-marca","10":"product_cat-freshwater","12":"first","13":"instock","14":"taxable","15":"shipping-taxable","16":"purchasable","17":"product-type-simple"},"_links":{"self":[{"href":"https:\/\/dev2.hidrostyle.ro\/en\/wp-json\/wp\/v2\/product\/7334","targetHints":{"allow":["GET"]}}],"collection":[{"href":"https:\/\/dev2.hidrostyle.ro\/en\/wp-json\/wp\/v2\/product"}],"about":[{"href":"https:\/\/dev2.hidrostyle.ro\/en\/wp-json\/wp\/v2\/types\/product"}],"replies":[{"embeddable":true,"href":"https:\/\/dev2.hidrostyle.ro\/en\/wp-json\/wp\/v2\/comments?post=7334"}],"wp:featuredmedia":[{"embeddable":true,"href":"https:\/\/dev2.hidrostyle.ro\/en\/wp-json\/wp\/v2\/media\/7111"}],"wp:attachment":[{"href":"https:\/\/dev2.hidrostyle.ro\/en\/wp-json\/wp\/v2\/media?parent=7334"}],"wp:term":[{"taxonomy":"product_brand","embeddable":true,"href":"https:\/\/dev2.hidrostyle.ro\/en\/wp-json\/wp\/v2\/product_brand?post=7334"},{"taxonomy":"product_cat","embeddable":true,"href":"https:\/\/dev2.hidrostyle.ro\/en\/wp-json\/wp\/v2\/product_cat?post=7334"},{"taxonomy":"product_tag","embeddable":true,"href":"https:\/\/dev2.hidrostyle.ro\/en\/wp-json\/wp\/v2\/product_tag?post=7334"}],"curies":[{"name":"wp","href":"https:\/\/api.w.org\/{rel}","templated":true}]}}