{"id":7331,"date":"2024-03-12T01:15:50","date_gmt":"2024-03-11T23:15:50","guid":{"rendered":"https:\/\/dev2.hidrostyle.ro\/?post_type=product&#038;p=7331"},"modified":"2025-02-05T14:46:28","modified_gmt":"2025-02-05T12:46:28","slug":"vanishing-act-calcium-remover","status":"publish","type":"product","link":"https:\/\/dev2.hidrostyle.ro\/en\/store\/vanishing-act-calcium-remover\/","title":{"rendered":"Burete dedurizator Vanishing Act"},"content":{"rendered":"","protected":false},"excerpt":{"rendered":"<p class=\"whitespace-pre-wrap break-words\">Pentru a \u00eenmuia calcarul f\u0103r\u0103 aditivi chimici, utiliza\u021bi agentul de eliminare a calciului Vanishing Act. Produsul ajut\u0103 la protejarea c\u0103zii cu hidromasaj de efectele d\u0103un\u0103toare ale apei calcaroase. Utiliza\u021bi la pornire, scurgere, umplere sau oric\u00e2nd nivelul de duritate a apei este ridicat.<\/p>\n<p class=\"whitespace-pre-wrap break-words\">","protected":false},"featured_media":7116,"comment_status":"open","ping_status":"closed","template":"","meta":[],"product_brand":[],"product_cat":[19,98,91,185,192],"product_tag":[],"class_list":{"0":"post-7331","1":"product","2":"type-product","3":"status-publish","4":"has-post-thumbnail","6":"product_cat-magazin-hidromasaj","7":"product_cat-tratare","8":"product_cat-consumabile","9":"product_cat-marca","10":"product_cat-freshwater","12":"first","13":"instock","14":"taxable","15":"shipping-taxable","16":"purchasable","17":"product-type-simple"},"_links":{"self":[{"href":"https:\/\/dev2.hidrostyle.ro\/en\/wp-json\/wp\/v2\/product\/7331","targetHints":{"allow":["GET"]}}],"collection":[{"href":"https:\/\/dev2.hidrostyle.ro\/en\/wp-json\/wp\/v2\/product"}],"about":[{"href":"https:\/\/dev2.hidrostyle.ro\/en\/wp-json\/wp\/v2\/types\/product"}],"replies":[{"embeddable":true,"href":"https:\/\/dev2.hidrostyle.ro\/en\/wp-json\/wp\/v2\/comments?post=7331"}],"wp:featuredmedia":[{"embeddable":true,"href":"https:\/\/dev2.hidrostyle.ro\/en\/wp-json\/wp\/v2\/media\/7116"}],"wp:attachment":[{"href":"https:\/\/dev2.hidrostyle.ro\/en\/wp-json\/wp\/v2\/media?parent=7331"}],"wp:term":[{"taxonomy":"product_brand","embeddable":true,"href":"https:\/\/dev2.hidrostyle.ro\/en\/wp-json\/wp\/v2\/product_brand?post=7331"},{"taxonomy":"product_cat","embeddable":true,"href":"https:\/\/dev2.hidrostyle.ro\/en\/wp-json\/wp\/v2\/product_cat?post=7331"},{"taxonomy":"product_tag","embeddable":true,"href":"https:\/\/dev2.hidrostyle.ro\/en\/wp-json\/wp\/v2\/product_tag?post=7331"}],"curies":[{"name":"wp","href":"https:\/\/api.w.org\/{rel}","templated":true}]}}