{"id":7279,"date":"2025-01-21T15:34:59","date_gmt":"2025-01-21T13:34:59","guid":{"rendered":"https:\/\/dev2.hidrostyle.ro\/?post_type=product&#038;p=7279"},"modified":"2025-04-28T17:29:19","modified_gmt":"2025-04-28T15:29:19","slug":"aroma-mini-pool-1000-ml","status":"publish","type":"product","link":"https:\/\/dev2.hidrostyle.ro\/en\/store\/aroma-mini-pool-1000-ml\/","title":{"rendered":"Ulei esen\u021bial Camylle pentru piscin\u0103 \u0219i jacuzzi 1000 ml"},"content":{"rendered":"","protected":false},"excerpt":{"rendered":"<p>Uleiurile esen\u021biale <strong>Camylle Velours de Sp<\/strong>a sunt special create pentru utilizare \u00een piscine \u0219i jacuzzi, oferind beneficiile aromaterapiei \u00eentr-un mod sigur \u0219i eficient. Produsele sunt complet solubile \u00een ap\u0103, compatibile cu toate sistemele de dezinfec\u021bie \u0219i nu las\u0103 reziduuri \u00een filtre. Fiecare arom\u0103 are propriet\u0103\u021bi terapeutice specifice, de la relaxare la energizare. Complet solubil \u00een ap\u0103. Compatibil cu toate produsele de dezinfectare.<\/p>\n<p><strong>Dozaj: <\/strong>Turna\u021bi dou\u0103 p\u00e2n\u0103 la trei capace direct \u00een ap\u0103 pentru o cada de dimensiuni medii (1,5 m3).<\/p>\n<p><strong>Cantitate:<\/strong> 1000 ml<\/p>\n<p><strong>Produc\u0103tor:<\/strong> <strong>Camylle<\/strong>, Fran\u0163a.<\/p>","protected":false},"featured_media":12939,"comment_status":"closed","ping_status":"closed","template":"","meta":[],"product_brand":[],"product_cat":[19,93,183,106,191,185],"product_tag":[],"class_list":{"0":"post-7279","1":"product","2":"type-product","3":"status-publish","4":"has-post-thumbnail","6":"product_cat-magazin-hidromasaj","7":"product_cat-swim-spa","8":"product_cat-arome-swim-spa","9":"product_cat-arome-hidromasaj","10":"product_cat-camylle","11":"product_cat-marca","13":"first","14":"instock","15":"taxable","16":"shipping-taxable","17":"purchasable","18":"product-type-variable"},"_links":{"self":[{"href":"https:\/\/dev2.hidrostyle.ro\/en\/wp-json\/wp\/v2\/product\/7279","targetHints":{"allow":["GET"]}}],"collection":[{"href":"https:\/\/dev2.hidrostyle.ro\/en\/wp-json\/wp\/v2\/product"}],"about":[{"href":"https:\/\/dev2.hidrostyle.ro\/en\/wp-json\/wp\/v2\/types\/product"}],"replies":[{"embeddable":true,"href":"https:\/\/dev2.hidrostyle.ro\/en\/wp-json\/wp\/v2\/comments?post=7279"}],"wp:featuredmedia":[{"embeddable":true,"href":"https:\/\/dev2.hidrostyle.ro\/en\/wp-json\/wp\/v2\/media\/12939"}],"wp:attachment":[{"href":"https:\/\/dev2.hidrostyle.ro\/en\/wp-json\/wp\/v2\/media?parent=7279"}],"wp:term":[{"taxonomy":"product_brand","embeddable":true,"href":"https:\/\/dev2.hidrostyle.ro\/en\/wp-json\/wp\/v2\/product_brand?post=7279"},{"taxonomy":"product_cat","embeddable":true,"href":"https:\/\/dev2.hidrostyle.ro\/en\/wp-json\/wp\/v2\/product_cat?post=7279"},{"taxonomy":"product_tag","embeddable":true,"href":"https:\/\/dev2.hidrostyle.ro\/en\/wp-json\/wp\/v2\/product_tag?post=7279"}],"curies":[{"name":"wp","href":"https:\/\/api.w.org\/{rel}","templated":true}]}}