{"id":7253,"date":"2025-01-21T21:09:01","date_gmt":"2025-01-21T19:09:01","guid":{"rendered":"https:\/\/dev2.hidrostyle.ro\/?post_type=product&#038;p=7253"},"modified":"2025-04-28T17:28:49","modified_gmt":"2025-04-28T15:28:49","slug":"dry-sauna-aroma-1000ml","status":"publish","type":"product","link":"https:\/\/dev2.hidrostyle.ro\/en\/store\/dry-sauna-aroma-1000ml\/","title":{"rendered":"Ulei esen\u021bial Camylle saun\u0103 uscat\u0103 cu arome terapeutice &#8211; 1000ml"},"content":{"rendered":"","protected":false},"excerpt":{"rendered":"<p>Uleiurile esen\u021biale <strong>Camylle Voile de Sauna<\/strong> sunt create special pentru saune uscate \u0219i cabine cu infraro\u0219u, folosind o tehnologie unic\u0103 ce permite o difuzie optim\u0103 \u0219i persistent\u0103 a moleculelor aromatice. Produsele sunt complet solubile \u00een ap\u0103 \u0219i nu las\u0103 reziduuri pe pietrele de lav\u0103 \u00eenc\u0103lzite. Se dilueaz\u0103 10-20ml \u00een 1L de ap\u0103 pentru o experien\u021b\u0103 aromaterapeutic\u0103 intens\u0103.<\/p>\n<p><strong>Dozaj: <\/strong>Se dilueaz\u0103 uleiurile esen\u021biale la 10 p\u00e2n\u0103 la 20 ml (unul sau dou\u0103 capace) pe litru de ap\u0103, apoi se toarn\u0103 solu\u021bia diluat\u0103 peste pietrele fierbin\u021bi ale cuptorului.<\/p>\n<p><strong>Cantitate:\u00a0<\/strong>1000 ml<\/p>\n<p><strong>Produc\u0103tor:<\/strong> <strong>Camylle<\/strong>, Fran\u0163a.<\/p>\n<p><em>*Nu utiliza\u021bi niciodat\u0103 uleiuri esen\u021biale nediluate \u00eentr-o saun\u0103.<\/em><\/p>","protected":false},"featured_media":12964,"comment_status":"closed","ping_status":"closed","template":"","meta":[],"product_brand":[],"product_cat":[95,191,105,185],"product_tag":[],"class_list":{"0":"post-7253","1":"product","2":"type-product","3":"status-publish","4":"has-post-thumbnail","6":"product_cat-saune","7":"product_cat-camylle","8":"product_cat-arome","9":"product_cat-marca","11":"first","12":"instock","13":"taxable","14":"shipping-taxable","15":"purchasable","16":"product-type-variable"},"_links":{"self":[{"href":"https:\/\/dev2.hidrostyle.ro\/en\/wp-json\/wp\/v2\/product\/7253","targetHints":{"allow":["GET"]}}],"collection":[{"href":"https:\/\/dev2.hidrostyle.ro\/en\/wp-json\/wp\/v2\/product"}],"about":[{"href":"https:\/\/dev2.hidrostyle.ro\/en\/wp-json\/wp\/v2\/types\/product"}],"replies":[{"embeddable":true,"href":"https:\/\/dev2.hidrostyle.ro\/en\/wp-json\/wp\/v2\/comments?post=7253"}],"wp:featuredmedia":[{"embeddable":true,"href":"https:\/\/dev2.hidrostyle.ro\/en\/wp-json\/wp\/v2\/media\/12964"}],"wp:attachment":[{"href":"https:\/\/dev2.hidrostyle.ro\/en\/wp-json\/wp\/v2\/media?parent=7253"}],"wp:term":[{"taxonomy":"product_brand","embeddable":true,"href":"https:\/\/dev2.hidrostyle.ro\/en\/wp-json\/wp\/v2\/product_brand?post=7253"},{"taxonomy":"product_cat","embeddable":true,"href":"https:\/\/dev2.hidrostyle.ro\/en\/wp-json\/wp\/v2\/product_cat?post=7253"},{"taxonomy":"product_tag","embeddable":true,"href":"https:\/\/dev2.hidrostyle.ro\/en\/wp-json\/wp\/v2\/product_tag?post=7253"}],"curies":[{"name":"wp","href":"https:\/\/api.w.org\/{rel}","templated":true}]}}