{"id":13722,"date":"2025-04-08T10:42:26","date_gmt":"2025-04-08T08:42:26","guid":{"rendered":"https:\/\/dev2.hidrostyle.ro\/?post_type=product&#038;p=13722"},"modified":"2025-04-25T12:32:08","modified_gmt":"2025-04-25T10:32:08","slug":"schimbator-caldura-spa-piscina-bowman","status":"publish","type":"product","link":"https:\/\/dev2.hidrostyle.ro\/en\/store\/schimbator-caldura-spa-piscina-bowman\/","title":{"rendered":"Schimb\u0103tor de c\u0103ldur\u0103 pentru spa \u0219i piscin\u0103 Bowman"},"content":{"rendered":"","protected":false},"excerpt":{"rendered":"<p>Schimb\u0103torul de c\u0103ldur\u0103 <strong>Bowman <\/strong>este ideal pentru \u00eenc\u0103lzirea rapid\u0103 a piscinelor domestice. Fabricat cu capace universale compozite pentru o instalare rapid\u0103 \u0219i u\u0219oar\u0103 \u00een orice sistem existent. Disponibil \u00een variante cu tuburi din titan, cupru-nichel sau inox, rezistente la ap\u0103 s\u0103rat\u0103 \u0219i ape bogate \u00een minerale. Modelele din titan au garan\u021bie extins\u0103 de 10 ani.<\/p>\n<p><strong>Brand:<\/strong> Bowman, Marea Britanie.<\/p>","protected":false},"featured_media":13706,"comment_status":"closed","ping_status":"closed","template":"","meta":[],"product_brand":[],"product_cat":[201],"product_tag":[],"class_list":{"0":"post-13722","1":"product","2":"type-product","3":"status-publish","4":"has-post-thumbnail","6":"product_cat-piscine","8":"first","9":"instock","10":"taxable","11":"shipping-taxable","12":"purchasable","13":"product-type-variable"},"_links":{"self":[{"href":"https:\/\/dev2.hidrostyle.ro\/en\/wp-json\/wp\/v2\/product\/13722","targetHints":{"allow":["GET"]}}],"collection":[{"href":"https:\/\/dev2.hidrostyle.ro\/en\/wp-json\/wp\/v2\/product"}],"about":[{"href":"https:\/\/dev2.hidrostyle.ro\/en\/wp-json\/wp\/v2\/types\/product"}],"replies":[{"embeddable":true,"href":"https:\/\/dev2.hidrostyle.ro\/en\/wp-json\/wp\/v2\/comments?post=13722"}],"wp:featuredmedia":[{"embeddable":true,"href":"https:\/\/dev2.hidrostyle.ro\/en\/wp-json\/wp\/v2\/media\/13706"}],"wp:attachment":[{"href":"https:\/\/dev2.hidrostyle.ro\/en\/wp-json\/wp\/v2\/media?parent=13722"}],"wp:term":[{"taxonomy":"product_brand","embeddable":true,"href":"https:\/\/dev2.hidrostyle.ro\/en\/wp-json\/wp\/v2\/product_brand?post=13722"},{"taxonomy":"product_cat","embeddable":true,"href":"https:\/\/dev2.hidrostyle.ro\/en\/wp-json\/wp\/v2\/product_cat?post=13722"},{"taxonomy":"product_tag","embeddable":true,"href":"https:\/\/dev2.hidrostyle.ro\/en\/wp-json\/wp\/v2\/product_tag?post=13722"}],"curies":[{"name":"wp","href":"https:\/\/api.w.org\/{rel}","templated":true}]}}