{"id":13228,"date":"2025-02-12T12:27:35","date_gmt":"2025-02-12T10:27:35","guid":{"rendered":"https:\/\/dev2.hidrostyle.ro\/?post_type=product&#038;p=13228"},"modified":"2025-03-20T11:44:55","modified_gmt":"2025-03-20T09:44:55","slug":"pietre-vulcanice-rotunde-pentru-sauna-marca-huum","status":"publish","type":"product","link":"https:\/\/dev2.hidrostyle.ro\/en\/store\/pietre-vulcanice-rotunde-pentru-sauna-marca-huum\/","title":{"rendered":"Pietre vulcanice rotunde pentru Saun\u0103 &#8211; marca HUUM, 15kg"},"content":{"rendered":"","protected":false},"excerpt":{"rendered":"<p>Pietre vulcanice rotunde HUUM din olivin\u0103, special selectate pentru capacitate termic\u0103 superioar\u0103 \u0219i durabilitate maxim\u0103. Disponibile \u00een dou\u0103 dimensiuni (3-5 cm \u0219i 5-10 cm), cutii de 15 kg. Forma rotund\u0103 asigur\u0103 o evaporare gradual\u0103 \u0219i aburi bl\u00e2nzi. Design vizibil care completeaz\u0103 aspectul elegant al \u00eenc\u0103lzitoarelor \u0219i ofer\u0103 o distribu\u021bie optim\u0103 a c\u0103ldurii. Recomandate pentru toate modelele de \u00eenc\u0103lzitoare.<\/p>","protected":false},"featured_media":13227,"comment_status":"closed","ping_status":"closed","template":"","meta":[],"product_brand":[],"product_cat":[95,104],"product_tag":[],"class_list":{"0":"post-13228","1":"product","2":"type-product","3":"status-publish","4":"has-post-thumbnail","6":"product_cat-saune","7":"product_cat-pietre-incalzitor","9":"first","10":"outofstock","11":"taxable","12":"shipping-taxable","13":"purchasable","14":"product-type-simple"},"_links":{"self":[{"href":"https:\/\/dev2.hidrostyle.ro\/en\/wp-json\/wp\/v2\/product\/13228","targetHints":{"allow":["GET"]}}],"collection":[{"href":"https:\/\/dev2.hidrostyle.ro\/en\/wp-json\/wp\/v2\/product"}],"about":[{"href":"https:\/\/dev2.hidrostyle.ro\/en\/wp-json\/wp\/v2\/types\/product"}],"replies":[{"embeddable":true,"href":"https:\/\/dev2.hidrostyle.ro\/en\/wp-json\/wp\/v2\/comments?post=13228"}],"wp:featuredmedia":[{"embeddable":true,"href":"https:\/\/dev2.hidrostyle.ro\/en\/wp-json\/wp\/v2\/media\/13227"}],"wp:attachment":[{"href":"https:\/\/dev2.hidrostyle.ro\/en\/wp-json\/wp\/v2\/media?parent=13228"}],"wp:term":[{"taxonomy":"product_brand","embeddable":true,"href":"https:\/\/dev2.hidrostyle.ro\/en\/wp-json\/wp\/v2\/product_brand?post=13228"},{"taxonomy":"product_cat","embeddable":true,"href":"https:\/\/dev2.hidrostyle.ro\/en\/wp-json\/wp\/v2\/product_cat?post=13228"},{"taxonomy":"product_tag","embeddable":true,"href":"https:\/\/dev2.hidrostyle.ro\/en\/wp-json\/wp\/v2\/product_tag?post=13228"}],"curies":[{"name":"wp","href":"https:\/\/api.w.org\/{rel}","templated":true}]}}