{"id":13211,"date":"2025-02-10T15:30:51","date_gmt":"2025-02-10T13:30:51","guid":{"rendered":"https:\/\/dev2.hidrostyle.ro\/?post_type=product&#038;p=13211"},"modified":"2025-02-11T16:51:18","modified_gmt":"2025-02-11T14:51:18","slug":"sauna-finlandeza-auroom-emma-glass-3-5-locuri-2","status":"publish","type":"product","link":"https:\/\/dev2.hidrostyle.ro\/en\/store\/sauna-finlandeza-auroom-emma-glass-3-5-locuri-2\/","title":{"rendered":"Saun\u0103 finlandez\u0103 Auroom Emma Glass &#8211; 3-5 locuri"},"content":{"rendered":"<p><strong>Informa\u021bii Livrare Categoria B:<\/strong><\/p>\n<p>Acest produs face parte din <strong>Categoria B<\/strong> &#8211; Produse Premium Wellness (produse voluminoase peste 100kg).<\/p>\n<p>Livrarea se efectueaz\u0103 prin <strong>echipa specializat\u0103 Hidrostyle<\/strong> \u0219i include:<\/p>\n<ul>\n<li>Transport specializat<\/li>\n<li>Timp de livrare: 2-12 s\u0103pt\u0103m\u00e2ni (\u00een func\u021bie de specifica\u021biile produsului)<\/li>\n<li>Montaj profesional \u0219i punere \u00een func\u021biune conform specifica\u021biilor<\/li>\n<li>Programare \u0219i asisten\u021b\u0103 complet\u0103 \u00een procesul de livrare<\/li>\n<\/ul>\n<p>Ve\u021bi fi contactat telefonic pentru confirmarea detaliilor \u0219i programarea livr\u0103rii. Pentru asisten\u021b\u0103: <a href=\"mailto:office@dev2.hidrostyle.ro\">office@dev2.hidrostyle.ro<\/a> or <a href=\"tel:+40747060060\">+40 747 060 060<\/a><\/p>","protected":false},"excerpt":{"rendered":"<p>Saun\u0103 finlandez\u0103 <strong>Emma Glass<\/strong> from <strong>Auroom<\/strong>, model premium cu perete frontal integral din sticl\u0103 \u0219i design contemporan. Disponibil\u0103 \u00een trei dimensiuni <strong>(150\/200\/250 x 200 x 213 cm)<\/strong>, perfect\u0103 pentru <strong>3-5 persoane<\/strong>. Include \u00eenc\u0103lzitor <strong>Huum Core Black<\/strong> de p\u00e2n\u0103 la 10.5kW, iluminare LED \u0219i finisaje la alegere din plop, arin sau plop termotratat. Design scandinav cu linii pure \u0219i vizibilitate maxim\u0103.<\/p>\n<p><strong>Fabricat\u0103 \u00een Estonia.<\/strong><\/p>\n<p><strong>Brand: Auroom Wellness<\/strong><\/p>\n<p><strong>Transport \u0219i montaj profesional incluse.<\/strong><\/p>","protected":false},"featured_media":13203,"comment_status":"open","ping_status":"closed","template":"","meta":[],"product_brand":[],"product_cat":[95,186,185],"product_tag":[],"class_list":{"0":"post-13211","1":"product","2":"type-product","3":"status-publish","4":"has-post-thumbnail","6":"product_cat-saune","7":"product_cat-auroom","8":"product_cat-marca","10":"first","11":"instock","12":"taxable","13":"shipping-taxable","14":"purchasable","15":"product-type-variable"},"_links":{"self":[{"href":"https:\/\/dev2.hidrostyle.ro\/en\/wp-json\/wp\/v2\/product\/13211","targetHints":{"allow":["GET"]}}],"collection":[{"href":"https:\/\/dev2.hidrostyle.ro\/en\/wp-json\/wp\/v2\/product"}],"about":[{"href":"https:\/\/dev2.hidrostyle.ro\/en\/wp-json\/wp\/v2\/types\/product"}],"replies":[{"embeddable":true,"href":"https:\/\/dev2.hidrostyle.ro\/en\/wp-json\/wp\/v2\/comments?post=13211"}],"wp:featuredmedia":[{"embeddable":true,"href":"https:\/\/dev2.hidrostyle.ro\/en\/wp-json\/wp\/v2\/media\/13203"}],"wp:attachment":[{"href":"https:\/\/dev2.hidrostyle.ro\/en\/wp-json\/wp\/v2\/media?parent=13211"}],"wp:term":[{"taxonomy":"product_brand","embeddable":true,"href":"https:\/\/dev2.hidrostyle.ro\/en\/wp-json\/wp\/v2\/product_brand?post=13211"},{"taxonomy":"product_cat","embeddable":true,"href":"https:\/\/dev2.hidrostyle.ro\/en\/wp-json\/wp\/v2\/product_cat?post=13211"},{"taxonomy":"product_tag","embeddable":true,"href":"https:\/\/dev2.hidrostyle.ro\/en\/wp-json\/wp\/v2\/product_tag?post=13211"}],"curies":[{"name":"wp","href":"https:\/\/api.w.org\/{rel}","templated":true}]}}