{"id":13124,"date":"2025-02-02T22:16:27","date_gmt":"2025-02-02T20:16:27","guid":{"rendered":"https:\/\/dev2.hidrostyle.ro\/?post_type=product&#038;p=13124"},"modified":"2025-04-28T17:26:27","modified_gmt":"2025-04-28T15:26:27","slug":"unitate-de-control-narvi-nd105-pentru-incalzitoare-electrice-de-maxim-105kw","status":"publish","type":"product","link":"https:\/\/dev2.hidrostyle.ro\/en\/store\/unitate-de-control-narvi-nd105-pentru-incalzitoare-electrice-de-maxim-105kw\/","title":{"rendered":"Panou de control Narvi ND105 pentru \u00eenc\u0103lzitoare de saun\u0103"},"content":{"rendered":"","protected":false},"excerpt":{"rendered":"<p class=\"whitespace-pre-wrap break-words\">Panoul de control Narvi ND105 Dual este solu\u021bia complet\u0103 pentru controlul saunei dumneavoastr\u0103, oferind versatilitate \u0219i func\u021bionalitate avansat\u0103 pentru ambele tipuri de saun\u0103 &#8211; uscat\u0103 \u0219i cu aburi.<\/p>\n<p><strong>Brand: Narvi<\/strong>, Finlanda.<\/p>","protected":false},"featured_media":13119,"comment_status":"open","ping_status":"closed","template":"","meta":[],"product_brand":[],"product_cat":[95,184,185,190],"product_tag":[],"class_list":{"0":"post-13124","1":"product","2":"type-product","3":"status-publish","4":"has-post-thumbnail","6":"product_cat-saune","7":"product_cat-panouri-de-control","8":"product_cat-marca","9":"product_cat-narvi","11":"first","12":"instock","13":"taxable","14":"shipping-taxable","15":"purchasable","16":"product-type-simple"},"_links":{"self":[{"href":"https:\/\/dev2.hidrostyle.ro\/en\/wp-json\/wp\/v2\/product\/13124","targetHints":{"allow":["GET"]}}],"collection":[{"href":"https:\/\/dev2.hidrostyle.ro\/en\/wp-json\/wp\/v2\/product"}],"about":[{"href":"https:\/\/dev2.hidrostyle.ro\/en\/wp-json\/wp\/v2\/types\/product"}],"replies":[{"embeddable":true,"href":"https:\/\/dev2.hidrostyle.ro\/en\/wp-json\/wp\/v2\/comments?post=13124"}],"wp:featuredmedia":[{"embeddable":true,"href":"https:\/\/dev2.hidrostyle.ro\/en\/wp-json\/wp\/v2\/media\/13119"}],"wp:attachment":[{"href":"https:\/\/dev2.hidrostyle.ro\/en\/wp-json\/wp\/v2\/media?parent=13124"}],"wp:term":[{"taxonomy":"product_brand","embeddable":true,"href":"https:\/\/dev2.hidrostyle.ro\/en\/wp-json\/wp\/v2\/product_brand?post=13124"},{"taxonomy":"product_cat","embeddable":true,"href":"https:\/\/dev2.hidrostyle.ro\/en\/wp-json\/wp\/v2\/product_cat?post=13124"},{"taxonomy":"product_tag","embeddable":true,"href":"https:\/\/dev2.hidrostyle.ro\/en\/wp-json\/wp\/v2\/product_tag?post=13124"}],"curies":[{"name":"wp","href":"https:\/\/api.w.org\/{rel}","templated":true}]}}