{"id":13123,"date":"2025-02-02T22:07:30","date_gmt":"2025-02-02T20:07:30","guid":{"rendered":"https:\/\/dev2.hidrostyle.ro\/?post_type=product&#038;p=13123"},"modified":"2025-04-28T17:26:47","modified_gmt":"2025-04-28T15:26:47","slug":"grilaj-de-protectie-pentru-incalzitoarele-narvi-ultra","status":"publish","type":"product","link":"https:\/\/dev2.hidrostyle.ro\/en\/store\/grilaj-de-protectie-pentru-incalzitoarele-narvi-ultra\/","title":{"rendered":"Grilaj de protec\u021bie pentru \u00eencalzitoarele Narvi Ultra"},"content":{"rendered":"","protected":false},"excerpt":{"rendered":"<p class=\"whitespace-pre-wrap break-words\">\u00cembun\u0103t\u0103\u021be\u0219te siguran\u021ba saunei tale cu acest grilaj de protec\u021bie special conceput pentru \u00eenc\u0103lzitorul <strong>Narvi Ultra<\/strong>. Acest grilaj ofer\u0103 at\u00e2t protec\u021bie, c\u00e2t \u0219i un aspect estetic pl\u0103cut.<\/p>\n<p><strong>Brand: Narvi<\/strong>, Finlanda.<\/p>\n<div class=\"woocommerce-product-details__short-description\"><\/div>","protected":false},"featured_media":13122,"comment_status":"open","ping_status":"closed","template":"","meta":[],"product_brand":[],"product_cat":[95,182,185,190],"product_tag":[],"class_list":{"0":"post-13123","1":"product","2":"type-product","3":"status-publish","4":"has-post-thumbnail","6":"product_cat-saune","7":"product_cat-accesorii-incalzitoare","8":"product_cat-marca","9":"product_cat-narvi","11":"first","12":"instock","13":"taxable","14":"shipping-taxable","15":"purchasable","16":"product-type-simple"},"_links":{"self":[{"href":"https:\/\/dev2.hidrostyle.ro\/en\/wp-json\/wp\/v2\/product\/13123","targetHints":{"allow":["GET"]}}],"collection":[{"href":"https:\/\/dev2.hidrostyle.ro\/en\/wp-json\/wp\/v2\/product"}],"about":[{"href":"https:\/\/dev2.hidrostyle.ro\/en\/wp-json\/wp\/v2\/types\/product"}],"replies":[{"embeddable":true,"href":"https:\/\/dev2.hidrostyle.ro\/en\/wp-json\/wp\/v2\/comments?post=13123"}],"wp:featuredmedia":[{"embeddable":true,"href":"https:\/\/dev2.hidrostyle.ro\/en\/wp-json\/wp\/v2\/media\/13122"}],"wp:attachment":[{"href":"https:\/\/dev2.hidrostyle.ro\/en\/wp-json\/wp\/v2\/media?parent=13123"}],"wp:term":[{"taxonomy":"product_brand","embeddable":true,"href":"https:\/\/dev2.hidrostyle.ro\/en\/wp-json\/wp\/v2\/product_brand?post=13123"},{"taxonomy":"product_cat","embeddable":true,"href":"https:\/\/dev2.hidrostyle.ro\/en\/wp-json\/wp\/v2\/product_cat?post=13123"},{"taxonomy":"product_tag","embeddable":true,"href":"https:\/\/dev2.hidrostyle.ro\/en\/wp-json\/wp\/v2\/product_tag?post=13123"}],"curies":[{"name":"wp","href":"https:\/\/api.w.org\/{rel}","templated":true}]}}