{"id":13049,"date":"2025-01-27T12:22:59","date_gmt":"2025-01-27T10:22:59","guid":{"rendered":"https:\/\/dev2.hidrostyle.ro\/?post_type=product&#038;p=13049"},"modified":"2025-02-05T14:09:14","modified_gmt":"2025-02-05T12:09:14","slug":"senzor-de-inlocuire-pentru-sistemul-de-monitorizare-freshwater-iq","status":"publish","type":"product","link":"https:\/\/dev2.hidrostyle.ro\/en\/store\/senzor-de-inlocuire-pentru-sistemul-de-monitorizare-freshwater-iq\/","title":{"rendered":"Senzor de \u00eenlocuire pentru sistemul de monitorizare FreshWater IQ"},"content":{"rendered":"","protected":false},"excerpt":{"rendered":"<p>Senzorul de \u00eenlocuire FreshWater IQ este componenta esen\u021bial\u0103 pentru men\u021binerea func\u021bionalit\u0103\u021bii sistemului de monitorizare inteligent\u0103. Cu o durat\u0103 de via\u021b\u0103 de 12 luni, acest senzor asigur\u0103 m\u0103sur\u0103tori precise ale parametrilor apei din spa.<\/p>","protected":false},"featured_media":13042,"comment_status":"open","ping_status":"closed","template":"","meta":[],"product_brand":[],"product_cat":[19,185,192],"product_tag":[],"class_list":{"0":"post-13049","1":"product","2":"type-product","3":"status-publish","4":"has-post-thumbnail","6":"product_cat-magazin-hidromasaj","7":"product_cat-marca","8":"product_cat-freshwater","10":"first","11":"instock","12":"taxable","13":"shipping-taxable","14":"purchasable","15":"product-type-simple"},"_links":{"self":[{"href":"https:\/\/dev2.hidrostyle.ro\/en\/wp-json\/wp\/v2\/product\/13049","targetHints":{"allow":["GET"]}}],"collection":[{"href":"https:\/\/dev2.hidrostyle.ro\/en\/wp-json\/wp\/v2\/product"}],"about":[{"href":"https:\/\/dev2.hidrostyle.ro\/en\/wp-json\/wp\/v2\/types\/product"}],"replies":[{"embeddable":true,"href":"https:\/\/dev2.hidrostyle.ro\/en\/wp-json\/wp\/v2\/comments?post=13049"}],"wp:featuredmedia":[{"embeddable":true,"href":"https:\/\/dev2.hidrostyle.ro\/en\/wp-json\/wp\/v2\/media\/13042"}],"wp:attachment":[{"href":"https:\/\/dev2.hidrostyle.ro\/en\/wp-json\/wp\/v2\/media?parent=13049"}],"wp:term":[{"taxonomy":"product_brand","embeddable":true,"href":"https:\/\/dev2.hidrostyle.ro\/en\/wp-json\/wp\/v2\/product_brand?post=13049"},{"taxonomy":"product_cat","embeddable":true,"href":"https:\/\/dev2.hidrostyle.ro\/en\/wp-json\/wp\/v2\/product_cat?post=13049"},{"taxonomy":"product_tag","embeddable":true,"href":"https:\/\/dev2.hidrostyle.ro\/en\/wp-json\/wp\/v2\/product_tag?post=13049"}],"curies":[{"name":"wp","href":"https:\/\/api.w.org\/{rel}","templated":true}]}}