{"id":13032,"date":"2025-01-27T11:24:11","date_gmt":"2025-01-27T09:24:11","guid":{"rendered":"https:\/\/dev2.hidrostyle.ro\/?post_type=product&#038;p=13032"},"modified":"2025-01-27T12:24:34","modified_gmt":"2025-01-27T10:24:34","slug":"dedurizator-portabil-std-sistem-de-dedurizare-apa-3000-l","status":"publish","type":"product","link":"https:\/\/dev2.hidrostyle.ro\/en\/store\/dedurizator-portabil-std-sistem-de-dedurizare-apa-3000-l\/","title":{"rendered":"Dedurizator Portabil STD &#8211; Sistem de Dedurizare Ap\u0103 3000 L"},"content":{"rendered":"","protected":false},"excerpt":{"rendered":"<p>Dedurizatorul portabil STD este o solu\u021bie eficient\u0103 pentru tratarea apei dure, cu o capacitate de 3000 litri per \u00eenc\u0103rcare. Sistemul compact se monteaz\u0103 u\u0219or pe furtunul de alimentare \u0219i poate fi regenerat cu sare pentru o durat\u0103 de via\u021b\u0103 extins\u0103 de p\u00e2n\u0103 la 10 ani.<\/p>\n<p>Garantie: 2 ani<\/p>","protected":false},"featured_media":13030,"comment_status":"open","ping_status":"closed","template":"","meta":[],"product_brand":[],"product_cat":[19],"product_tag":[],"class_list":{"0":"post-13032","1":"product","2":"type-product","3":"status-publish","4":"has-post-thumbnail","6":"product_cat-magazin-hidromasaj","8":"first","9":"instock","10":"taxable","11":"shipping-taxable","12":"purchasable","13":"product-type-simple"},"_links":{"self":[{"href":"https:\/\/dev2.hidrostyle.ro\/en\/wp-json\/wp\/v2\/product\/13032","targetHints":{"allow":["GET"]}}],"collection":[{"href":"https:\/\/dev2.hidrostyle.ro\/en\/wp-json\/wp\/v2\/product"}],"about":[{"href":"https:\/\/dev2.hidrostyle.ro\/en\/wp-json\/wp\/v2\/types\/product"}],"replies":[{"embeddable":true,"href":"https:\/\/dev2.hidrostyle.ro\/en\/wp-json\/wp\/v2\/comments?post=13032"}],"wp:featuredmedia":[{"embeddable":true,"href":"https:\/\/dev2.hidrostyle.ro\/en\/wp-json\/wp\/v2\/media\/13030"}],"wp:attachment":[{"href":"https:\/\/dev2.hidrostyle.ro\/en\/wp-json\/wp\/v2\/media?parent=13032"}],"wp:term":[{"taxonomy":"product_brand","embeddable":true,"href":"https:\/\/dev2.hidrostyle.ro\/en\/wp-json\/wp\/v2\/product_brand?post=13032"},{"taxonomy":"product_cat","embeddable":true,"href":"https:\/\/dev2.hidrostyle.ro\/en\/wp-json\/wp\/v2\/product_cat?post=13032"},{"taxonomy":"product_tag","embeddable":true,"href":"https:\/\/dev2.hidrostyle.ro\/en\/wp-json\/wp\/v2\/product_tag?post=13032"}],"curies":[{"name":"wp","href":"https:\/\/api.w.org\/{rel}","templated":true}]}}