{"id":13020,"date":"2025-01-27T11:10:34","date_gmt":"2025-01-27T09:10:34","guid":{"rendered":"https:\/\/dev2.hidrostyle.ro\/?post_type=product&#038;p=13020"},"modified":"2025-02-05T14:10:00","modified_gmt":"2025-02-05T12:10:00","slug":"aspirator-pentru-piscine-si-cazi-cu-hidromasaj-freshwater-spa-vac","status":"publish","type":"product","link":"https:\/\/dev2.hidrostyle.ro\/en\/store\/aspirator-pentru-piscine-si-cazi-cu-hidromasaj-freshwater-spa-vac\/","title":{"rendered":"Aspirator pentru Piscine \u0219i C\u0103zi cu Hidromasaj &#8211; FreshWater Spa Vac"},"content":{"rendered":"","protected":false},"excerpt":{"rendered":"<p>FreshWater Spa Vac este un aspirator compact \u0219i u\u0219or, special conceput pentru cur\u0103\u021barea c\u0103zilor cu hidromasaj \u0219i a piscinelor. Cu sistemul s\u0103u de aspirare prin pompare simpl\u0103 \u0219i duza reglabil\u0103, acesta \u00eendep\u0103rteaz\u0103 eficient reziduurile din zonele greu accesibile. Pachetul include 3 accesorii practice pentru cur\u0103\u021bare complet\u0103.<\/p>","protected":false},"featured_media":13018,"comment_status":"open","ping_status":"closed","template":"","meta":[],"product_brand":[],"product_cat":[19,185,192],"product_tag":[],"class_list":{"0":"post-13020","1":"product","2":"type-product","3":"status-publish","4":"has-post-thumbnail","6":"product_cat-magazin-hidromasaj","7":"product_cat-marca","8":"product_cat-freshwater","10":"first","11":"instock","12":"taxable","13":"shipping-taxable","14":"purchasable","15":"product-type-simple"},"_links":{"self":[{"href":"https:\/\/dev2.hidrostyle.ro\/en\/wp-json\/wp\/v2\/product\/13020","targetHints":{"allow":["GET"]}}],"collection":[{"href":"https:\/\/dev2.hidrostyle.ro\/en\/wp-json\/wp\/v2\/product"}],"about":[{"href":"https:\/\/dev2.hidrostyle.ro\/en\/wp-json\/wp\/v2\/types\/product"}],"replies":[{"embeddable":true,"href":"https:\/\/dev2.hidrostyle.ro\/en\/wp-json\/wp\/v2\/comments?post=13020"}],"wp:featuredmedia":[{"embeddable":true,"href":"https:\/\/dev2.hidrostyle.ro\/en\/wp-json\/wp\/v2\/media\/13018"}],"wp:attachment":[{"href":"https:\/\/dev2.hidrostyle.ro\/en\/wp-json\/wp\/v2\/media?parent=13020"}],"wp:term":[{"taxonomy":"product_brand","embeddable":true,"href":"https:\/\/dev2.hidrostyle.ro\/en\/wp-json\/wp\/v2\/product_brand?post=13020"},{"taxonomy":"product_cat","embeddable":true,"href":"https:\/\/dev2.hidrostyle.ro\/en\/wp-json\/wp\/v2\/product_cat?post=13020"},{"taxonomy":"product_tag","embeddable":true,"href":"https:\/\/dev2.hidrostyle.ro\/en\/wp-json\/wp\/v2\/product_tag?post=13020"}],"curies":[{"name":"wp","href":"https:\/\/api.w.org\/{rel}","templated":true}]}}