{"id":12980,"date":"2025-01-21T22:07:22","date_gmt":"2025-01-21T20:07:22","guid":{"rendered":"https:\/\/dev2.hidrostyle.ro\/?post_type=product&#038;p=12980"},"modified":"2025-04-28T17:28:37","modified_gmt":"2025-04-28T15:28:37","slug":"ulei-esential-camylle-hammam-250ml","status":"publish","type":"product","link":"https:\/\/dev2.hidrostyle.ro\/en\/store\/ulei-esential-camylle-hammam-250ml\/","title":{"rendered":"Ulei esen\u021bial Camylle pentru b\u0103i de aburi &#8211; 250 ml"},"content":{"rendered":"","protected":false},"excerpt":{"rendered":"<p><strong>Brume de Hammam by Camylle<\/strong> este o emulsie concentrat\u0103, l\u0103ptoas\u0103, 100% solubil\u0103 \u00een ap\u0103, creat\u0103 din uleiuri esen\u021biale pure \u0219i naturale. Produsul este special conceput pentru sistemele profesionale de b\u0103i de aburi, garant\u00e2nd o difuzie optim\u0103 \u0219i sigur\u0103 a aromelor. Folosit \u00een cele mai prestigioase centre de talasoterapie \u0219i spa-uri hoteliere, ofer\u0103 o experien\u021b\u0103 autentic\u0103 de hammam \u00eembog\u0103\u021bit\u0103 cu beneficiile terapeutice ale plantelor aromate.<\/p>\n<p><strong>Cantitate:\u00a0<\/strong>250 ml<\/p>\n<p><strong>Produc\u0103tor:<\/strong> <strong>Camylle<\/strong>, Fran\u0163a.<\/p>","protected":false},"featured_media":12979,"comment_status":"open","ping_status":"closed","template":"","meta":[],"product_brand":[],"product_cat":[95,191,105,185],"product_tag":[],"class_list":{"0":"post-12980","1":"product","2":"type-product","3":"status-publish","4":"has-post-thumbnail","6":"product_cat-saune","7":"product_cat-camylle","8":"product_cat-arome","9":"product_cat-marca","11":"first","12":"instock","13":"taxable","14":"shipping-taxable","15":"purchasable","16":"product-type-variable"},"_links":{"self":[{"href":"https:\/\/dev2.hidrostyle.ro\/en\/wp-json\/wp\/v2\/product\/12980","targetHints":{"allow":["GET"]}}],"collection":[{"href":"https:\/\/dev2.hidrostyle.ro\/en\/wp-json\/wp\/v2\/product"}],"about":[{"href":"https:\/\/dev2.hidrostyle.ro\/en\/wp-json\/wp\/v2\/types\/product"}],"replies":[{"embeddable":true,"href":"https:\/\/dev2.hidrostyle.ro\/en\/wp-json\/wp\/v2\/comments?post=12980"}],"wp:featuredmedia":[{"embeddable":true,"href":"https:\/\/dev2.hidrostyle.ro\/en\/wp-json\/wp\/v2\/media\/12979"}],"wp:attachment":[{"href":"https:\/\/dev2.hidrostyle.ro\/en\/wp-json\/wp\/v2\/media?parent=12980"}],"wp:term":[{"taxonomy":"product_brand","embeddable":true,"href":"https:\/\/dev2.hidrostyle.ro\/en\/wp-json\/wp\/v2\/product_brand?post=12980"},{"taxonomy":"product_cat","embeddable":true,"href":"https:\/\/dev2.hidrostyle.ro\/en\/wp-json\/wp\/v2\/product_cat?post=12980"},{"taxonomy":"product_tag","embeddable":true,"href":"https:\/\/dev2.hidrostyle.ro\/en\/wp-json\/wp\/v2\/product_tag?post=12980"}],"curies":[{"name":"wp","href":"https:\/\/api.w.org\/{rel}","templated":true}]}}