{"id":12952,"date":"2025-01-21T15:16:22","date_gmt":"2025-01-21T13:16:22","guid":{"rendered":"https:\/\/dev2.hidrostyle.ro\/?post_type=product&#038;p=12952"},"modified":"2025-04-28T17:30:24","modified_gmt":"2025-04-28T15:30:24","slug":"flansa-de-instalare-pentru-incalzitoarele-narvi-smooth-2","status":"publish","type":"product","link":"https:\/\/dev2.hidrostyle.ro\/en\/store\/flansa-de-instalare-pentru-incalzitoarele-narvi-smooth-2\/","title":{"rendered":"Flan\u0219\u0103 de instalare pentru \u00eenc\u0103lzitoarele Narvi Smooth"},"content":{"rendered":"","protected":false},"excerpt":{"rendered":"<p class=\"whitespace-pre-wrap break-words\">Flan\u0219\u0103 de instalare din o\u021bel vopsit negru pentru seria <strong>Narvi Smooth<\/strong>. Permite montarea elegant\u0103 a \u00eenc\u0103lzitorului \u00een interiorul b\u0103ncilor saunei, asigur\u00e2nd o instalare sigur\u0103 \u0219i un aspect profesional.<\/p>\n<p><strong>Brand: Narvi<\/strong>, Finlanda.<\/p>","protected":false},"featured_media":12906,"comment_status":"open","ping_status":"closed","template":"","meta":[],"product_brand":[],"product_cat":[95,182,185,190],"product_tag":[],"class_list":{"0":"post-12952","1":"product","2":"type-product","3":"status-publish","4":"has-post-thumbnail","6":"product_cat-saune","7":"product_cat-accesorii-incalzitoare","8":"product_cat-marca","9":"product_cat-narvi","11":"first","12":"instock","13":"taxable","14":"shipping-taxable","15":"purchasable","16":"product-type-simple"},"_links":{"self":[{"href":"https:\/\/dev2.hidrostyle.ro\/en\/wp-json\/wp\/v2\/product\/12952","targetHints":{"allow":["GET"]}}],"collection":[{"href":"https:\/\/dev2.hidrostyle.ro\/en\/wp-json\/wp\/v2\/product"}],"about":[{"href":"https:\/\/dev2.hidrostyle.ro\/en\/wp-json\/wp\/v2\/types\/product"}],"replies":[{"embeddable":true,"href":"https:\/\/dev2.hidrostyle.ro\/en\/wp-json\/wp\/v2\/comments?post=12952"}],"wp:featuredmedia":[{"embeddable":true,"href":"https:\/\/dev2.hidrostyle.ro\/en\/wp-json\/wp\/v2\/media\/12906"}],"wp:attachment":[{"href":"https:\/\/dev2.hidrostyle.ro\/en\/wp-json\/wp\/v2\/media?parent=12952"}],"wp:term":[{"taxonomy":"product_brand","embeddable":true,"href":"https:\/\/dev2.hidrostyle.ro\/en\/wp-json\/wp\/v2\/product_brand?post=12952"},{"taxonomy":"product_cat","embeddable":true,"href":"https:\/\/dev2.hidrostyle.ro\/en\/wp-json\/wp\/v2\/product_cat?post=12952"},{"taxonomy":"product_tag","embeddable":true,"href":"https:\/\/dev2.hidrostyle.ro\/en\/wp-json\/wp\/v2\/product_tag?post=12952"}],"curies":[{"name":"wp","href":"https:\/\/api.w.org\/{rel}","templated":true}]}}