{"id":12925,"date":"2025-01-20T15:48:50","date_gmt":"2025-01-20T13:48:50","guid":{"rendered":"https:\/\/dev2.hidrostyle.ro\/?post_type=product&#038;p=12925"},"modified":"2025-04-28T17:30:34","modified_gmt":"2025-04-28T15:30:34","slug":"unitate-de-control-narvi-c-2003-cu-unitate-putere-f-2003-pentru-incalzitoare-18-33kw","status":"publish","type":"product","link":"https:\/\/dev2.hidrostyle.ro\/en\/store\/unitate-de-control-narvi-c-2003-cu-unitate-putere-f-2003-pentru-incalzitoare-18-33kw\/","title":{"rendered":"Unitate de control Narvi C-2003 cu unitate putere F-2003 pentru \u00eenc\u0103lzitoare 18-33kW"},"content":{"rendered":"","protected":false},"excerpt":{"rendered":"<p class=\"whitespace-pre-wrap break-words\">Sistem de control avansat pentru saune publice mari, format din unitate control C-2003 \u0219i unitate putere F-2003. Permite programarea a dou\u0103 sesiuni zilnice prin cele 14 sloturi de memorie. Pentru \u00eenc\u0103lzitoare de 18-33kW.<\/p>\n<p><strong>Brand: Narvi<\/strong>, Finlanda.<\/p>","protected":false},"featured_media":12911,"comment_status":"open","ping_status":"closed","template":"","meta":[],"product_brand":[],"product_cat":[95,184,185,190],"product_tag":[],"class_list":{"0":"post-12925","1":"product","2":"type-product","3":"status-publish","4":"has-post-thumbnail","6":"product_cat-saune","7":"product_cat-panouri-de-control","8":"product_cat-marca","9":"product_cat-narvi","11":"first","12":"instock","13":"taxable","14":"shipping-taxable","15":"purchasable","16":"product-type-variable"},"_links":{"self":[{"href":"https:\/\/dev2.hidrostyle.ro\/en\/wp-json\/wp\/v2\/product\/12925","targetHints":{"allow":["GET"]}}],"collection":[{"href":"https:\/\/dev2.hidrostyle.ro\/en\/wp-json\/wp\/v2\/product"}],"about":[{"href":"https:\/\/dev2.hidrostyle.ro\/en\/wp-json\/wp\/v2\/types\/product"}],"replies":[{"embeddable":true,"href":"https:\/\/dev2.hidrostyle.ro\/en\/wp-json\/wp\/v2\/comments?post=12925"}],"wp:featuredmedia":[{"embeddable":true,"href":"https:\/\/dev2.hidrostyle.ro\/en\/wp-json\/wp\/v2\/media\/12911"}],"wp:attachment":[{"href":"https:\/\/dev2.hidrostyle.ro\/en\/wp-json\/wp\/v2\/media?parent=12925"}],"wp:term":[{"taxonomy":"product_brand","embeddable":true,"href":"https:\/\/dev2.hidrostyle.ro\/en\/wp-json\/wp\/v2\/product_brand?post=12925"},{"taxonomy":"product_cat","embeddable":true,"href":"https:\/\/dev2.hidrostyle.ro\/en\/wp-json\/wp\/v2\/product_cat?post=12925"},{"taxonomy":"product_tag","embeddable":true,"href":"https:\/\/dev2.hidrostyle.ro\/en\/wp-json\/wp\/v2\/product_tag?post=12925"}],"curies":[{"name":"wp","href":"https:\/\/api.w.org\/{rel}","templated":true}]}}