{"id":12923,"date":"2025-01-20T15:33:51","date_gmt":"2025-01-20T13:33:51","guid":{"rendered":"https:\/\/dev2.hidrostyle.ro\/?post_type=product&#038;p=12923"},"modified":"2025-04-28T17:30:44","modified_gmt":"2025-04-28T15:30:44","slug":"unitate-de-control-narvi-t-2003-pentru-incalzitoare-sauna-9-15kw","status":"publish","type":"product","link":"https:\/\/dev2.hidrostyle.ro\/en\/store\/unitate-de-control-narvi-t-2003-pentru-incalzitoare-sauna-9-15kw\/","title":{"rendered":"Unitate de control Narvi T-2003 pentru \u00eenc\u0103lzitoare electrice 9-15kW"},"content":{"rendered":"","protected":false},"excerpt":{"rendered":"<p class=\"whitespace-pre-wrap break-words\">Controler profesional cu unitate de control \u0219i plac\u0103 de alimentare integrate \u00eentr-o singur\u0103 carcas\u0103. Perfect pentru saune publice, include control iluminare \u0219i senzor extern de temperatur\u0103.<\/p>\n<p><strong>Brand: Narvi<\/strong>, Finlanda.<\/p>","protected":false},"featured_media":12908,"comment_status":"open","ping_status":"closed","template":"","meta":[],"product_brand":[],"product_cat":[95,184,185,190],"product_tag":[],"class_list":{"0":"post-12923","1":"product","2":"type-product","3":"status-publish","4":"has-post-thumbnail","6":"product_cat-saune","7":"product_cat-panouri-de-control","8":"product_cat-marca","9":"product_cat-narvi","11":"first","12":"instock","13":"taxable","14":"shipping-taxable","15":"purchasable","16":"product-type-simple"},"_links":{"self":[{"href":"https:\/\/dev2.hidrostyle.ro\/en\/wp-json\/wp\/v2\/product\/12923","targetHints":{"allow":["GET"]}}],"collection":[{"href":"https:\/\/dev2.hidrostyle.ro\/en\/wp-json\/wp\/v2\/product"}],"about":[{"href":"https:\/\/dev2.hidrostyle.ro\/en\/wp-json\/wp\/v2\/types\/product"}],"replies":[{"embeddable":true,"href":"https:\/\/dev2.hidrostyle.ro\/en\/wp-json\/wp\/v2\/comments?post=12923"}],"wp:featuredmedia":[{"embeddable":true,"href":"https:\/\/dev2.hidrostyle.ro\/en\/wp-json\/wp\/v2\/media\/12908"}],"wp:attachment":[{"href":"https:\/\/dev2.hidrostyle.ro\/en\/wp-json\/wp\/v2\/media?parent=12923"}],"wp:term":[{"taxonomy":"product_brand","embeddable":true,"href":"https:\/\/dev2.hidrostyle.ro\/en\/wp-json\/wp\/v2\/product_brand?post=12923"},{"taxonomy":"product_cat","embeddable":true,"href":"https:\/\/dev2.hidrostyle.ro\/en\/wp-json\/wp\/v2\/product_cat?post=12923"},{"taxonomy":"product_tag","embeddable":true,"href":"https:\/\/dev2.hidrostyle.ro\/en\/wp-json\/wp\/v2\/product_tag?post=12923"}],"curies":[{"name":"wp","href":"https:\/\/api.w.org\/{rel}","templated":true}]}}