{"id":12828,"date":"2025-01-20T11:40:34","date_gmt":"2025-01-20T09:40:34","guid":{"rendered":"https:\/\/dev2.hidrostyle.ro\/?post_type=product&#038;p=12828"},"modified":"2025-04-28T17:33:11","modified_gmt":"2025-04-28T15:33:11","slug":"incalzitor-electric-sauna-narvi-nc-electric-6-9kw-comanda-incorporata-2","status":"publish","type":"product","link":"https:\/\/dev2.hidrostyle.ro\/en\/store\/incalzitor-electric-sauna-narvi-nc-electric-6-9kw-comanda-incorporata-2\/","title":{"rendered":"\u00cenc\u0103lzitor electric Narvi Ultra Small 6-9kW (f\u0103r\u0103 control)"},"content":{"rendered":"","protected":false},"excerpt":{"rendered":"<p class=\"whitespace-pre-wrap break-words\">\u00cenc\u0103lzitorul electric <strong>Narvi Ultra Small<\/strong>, fabricat \u00een Finlanda, este perfect at\u00e2t pentru uz privat, c\u00e2t \u0219i public. Acest model cu montare pe podea se remarc\u0103 prin distan\u021bele reduse de siguran\u021b\u0103 \u0219i elementele de \u00eenc\u0103lzire extra rezistente, care asigur\u0103 durabilitate chiar \u0219i \u00een condi\u021bii intensive de utilizare.<\/p>\n<p class=\"whitespace-pre-wrap break-words\">Un aspect distinctiv al \u00eenc\u0103lzitoarelor electrice NARVI este diametrul excep\u021bional de mare al elementelor de \u00eenc\u0103lzire, care prelunge\u0219te semnificativ durata de via\u021b\u0103 \u0219i reduce riscul de supra\u00eenc\u0103lzire. Necesit\u0103 unitate de control separat\u0103 (nu este inclus\u0103 \u00een pre\u021b) care men\u021bine temperatura optim\u0103 prin intermediul termostatului.<\/p>\n<p><strong>Brand: Narvi<\/strong>, Finlanda.<\/p>\n<div class=\"woocommerce-product-details__short-description\">\n<p><strong><em>*Unitatea de control \u0219i pietrele vulcanice nu sunt incluse \u0219i trebuie comandate separat.<\/em><\/strong><\/p>\n<\/div>\n<form class=\"variations_form cart\" style=\"box-sizing: inherit; margin-bottom: 2em; color: #404040; font-family: Raleway, sans-serif; font-size: 16px; font-style: normal; font-variant-ligatures: normal; font-variant-caps: normal; font-weight: 400; letter-spacing: normal; orphans: 2; text-align: start; text-indent: 0px; text-transform: none; widows: 2; word-spacing: 0px; -webkit-text-stroke-width: 0px; white-space: normal; background-color: #f7f7f7; text-decoration-thickness: initial; text-decoration-style: initial; text-decoration-color: initial;\" action=\"https:\/\/dev2.hidrostyle.ro\/en\/store\/incalzitor-electric-premium-narvi-velvet-e-9-10-5kw-fara-control\/\" enctype=\"multipart\/form-data\" method=\"post\" data-product_id=\"12825\" data-product_variations=\"[{&quot;attributes&quot;:{&quot;attribute_model&quot;:&quot;Velvet Electric E 9.0 kW Black&quot;},&quot;availability_html&quot;:&quot;&quot;,&quot;backorders_allowed&quot;:false,&quot;dimensions&quot;:{&quot;length&quot;:&quot;116&quot;,&quot;width&quot;:&quot;35&quot;,&quot;height&quot;:&quot;35&quot;},&quot;dimensions_html&quot;:&quot;116 &amp;times; 35 &amp;times; 35 cm&quot;,&quot;display_price&quot;:8443,&quot;display_regular_price&quot;:8443,&quot;image&quot;:{&quot;title&quot;:&quot;Incalzitor Narvi Velvet negru 5&quot;,&quot;caption&quot;:&quot;&quot;,&quot;url&quot;:&quot;https:\\\/\\\/dev2.hidrostyle.ro\\\/wp-content\\\/uploads\\\/2025\\\/01\\\/Incalzitor-Narvi-Velvet-negru-5.jpg&quot;,&quot;alt&quot;:&quot;Incalzitor Narvi Velvet negru 5&quot;,&quot;src&quot;:&quot;https:\\\/\\\/dev2.hidrostyle.ro\\\/wp-content\\\/uploads\\\/2025\\\/01\\\/Incalzitor-Narvi-Velvet-negru-5-600x600.jpg&quot;,&quot;srcset&quot;:&quot;https:\\\/\\\/dev2.hidrostyle.ro\\\/wp-content\\\/uploads\\\/2025\\\/01\\\/Incalzitor-Narvi-Velvet-negru-5-600x600.jpg 600w, https:\\\/\\\/dev2.hidrostyle.ro\\\/wp-content\\\/uploads\\\/2025\\\/01\\\/Incalzitor-Narvi-Velvet-negru-5-720x720.jpg 720w, https:\\\/\\\/dev2.hidrostyle.ro\\\/wp-content\\\/uploads\\\/2025\\\/01\\\/Incalzitor-Narvi-Velvet-negru-5-1024x1024.jpg 1024w, https:\\\/\\\/dev2.hidrostyle.ro\\\/wp-content\\\/uploads\\\/2025\\\/01\\\/Incalzitor-Narvi-Velvet-negru-5-220x220.jpg 220w, https:\\\/\\\/dev2.hidrostyle.ro\\\/wp-content\\\/uploads\\\/2025\\\/01\\\/Incalzitor-Narvi-Velvet-negru-5-768x768.jpg 768w, https:\\\/\\\/dev2.hidrostyle.ro\\\/wp-content\\\/uploads\\\/2025\\\/01\\\/Incalzitor-Narvi-Velvet-negru-5-12x12.jpg 12w, https:\\\/\\\/dev2.hidrostyle.ro\\\/wp-content\\\/uploads\\\/2025\\\/01\\\/Incalzitor-Narvi-Velvet-negru-5-300x300.jpg 300w, https:\\\/\\\/dev2.hidrostyle.ro\\\/wp-content\\\/uploads\\\/2025\\\/01\\\/Incalzitor-Narvi-Velvet-negru-5-100x100.jpg 100w, https:\\\/\\\/dev2.hidrostyle.ro\\\/wp-content\\\/uploads\\\/2025\\\/01\\\/Incalzitor-Narvi-Velvet-negru-5.jpg 1200w&quot;,&quot;sizes&quot;:&quot;(max-width: 600px) 100vw, 600px&quot;,&quot;full_src&quot;:&quot;https:\\\/\\\/dev2.hidrostyle.ro\\\/wp-content\\\/uploads\\\/2025\\\/01\\\/Incalzitor-Narvi-Velvet-negru-5.jpg&quot;,&quot;full_src_w&quot;:1200,&quot;full_src_h&quot;:1200,&quot;gallery_thumbnail_src&quot;:&quot;https:\\\/\\\/dev2.hidrostyle.ro\\\/wp-content\\\/uploads\\\/2025\\\/01\\\/Incalzitor-Narvi-Velvet-negru-5-100x100.jpg&quot;,&quot;gallery_thumbnail_src_w&quot;:100,&quot;gallery_thumbnail_src_h&quot;:100,&quot;thumb_src&quot;:&quot;https:\\\/\\\/dev2.hidrostyle.ro\\\/wp-content\\\/uploads\\\/2025\\\/01\\\/Incalzitor-Narvi-Velvet-negru-5-300x300.jpg&quot;,&quot;thumb_src_w&quot;:300,&quot;thumb_src_h&quot;:300,&quot;src_w&quot;:600,&quot;src_h&quot;:600},&quot;image_id&quot;:12816,&quot;is_downloadable&quot;:false,&quot;is_in_stock&quot;:true,&quot;is_purchasable&quot;:true,&quot;is_sold_individually&quot;:&quot;no&quot;,&quot;is_virtual&quot;:false,&quot;max_qty&quot;:&quot;&quot;,&quot;min_qty&quot;:1,&quot;price_html&quot;:&quot;&lt;span class=\\&quot;price\\&quot;&gt;&lt;span class=\\&quot;woocommerce-Price-amount amount\\&quot;&gt;&lt;bdi&gt;8.443,00&amp;nbsp;&lt;span class=\\&quot;woocommerce-Price-currencySymbol\\&quot;&gt;lei&lt;\\\/span&gt;&lt;\\\/bdi&gt;&lt;\\\/span&gt;&lt;\\\/span&gt;&quot;,&quot;sku&quot;:&quot;&quot;,&quot;variation_description&quot;:&quot;&lt;p&gt;Velvet Electric 9.0 kW Black&lt;br \\\/&gt;\\nPutere: 9 kW&lt;br \\\/&gt;\\nVolum saun\\u0103: 8-14 m\\u00b3&lt;br \\\/&gt;\\nDimensiuni (H x D): 116 x 35,2 cm&lt;br \\\/&gt;\\nAjustare \\u00een\\u0103l\\u021bime: \\u00b11,5 cm&lt;br \\\/&gt;\\nGreutate: 21 kg&lt;br \\\/&gt;\\nCapacitate pietre: 140 kg&lt;br \\\/&gt;\\nSiguran\\u021b\\u0103: 3 x 16 A&lt;br \\\/&gt;\\nConexiune electric\\u0103: 380 W, 5 x 1,5 mm\\u00b2&lt;br \\\/&gt;\\nMaterial carcas\\u0103: O\\u021bel vopsit negru&lt;\\\/p&gt;\\n&lt;p&gt;Distan\\u021b\\u0103 siguran\\u021b\\u0103 lateral\\u0103 de montaj: 12 cm&lt;\\\/p&gt;\\n&quot;,&quot;variation_id&quot;:12826,&quot;variation_is_active&quot;:true,&quot;variation_is_visible&quot;:true,&quot;weight&quot;:&quot;21&quot;,&quot;weight_html&quot;:&quot;21 kg&quot;},{&quot;attributes&quot;:{&quot;attribute_model&quot;:&quot;Velvet Electric E 10.5 kW Black&quot;},&quot;availability_html&quot;:&quot;&quot;,&quot;backorders_allowed&quot;:false,&quot;dimensions&quot;:{&quot;length&quot;:&quot;116&quot;,&quot;width&quot;:&quot;35&quot;,&quot;height&quot;:&quot;35&quot;},&quot;dimensions_html&quot;:&quot;116 &amp;times; 35 &amp;times; 35 cm&quot;,&quot;display_price&quot;:8718,&quot;display_regular_price&quot;:8718,&quot;image&quot;:{&quot;title&quot;:&quot;Incalzitor Narvi Velvet negru 5&quot;,&quot;caption&quot;:&quot;&quot;,&quot;url&quot;:&quot;https:\\\/\\\/dev2.hidrostyle.ro\\\/wp-content\\\/uploads\\\/2025\\\/01\\\/Incalzitor-Narvi-Velvet-negru-5.jpg&quot;,&quot;alt&quot;:&quot;Incalzitor Narvi Velvet negru 5&quot;,&quot;src&quot;:&quot;https:\\\/\\\/dev2.hidrostyle.ro\\\/wp-content\\\/uploads\\\/2025\\\/01\\\/Incalzitor-Narvi-Velvet-negru-5-600x600.jpg&quot;,&quot;srcset&quot;:&quot;https:\\\/\\\/dev2.hidrostyle.ro\\\/wp-content\\\/uploads\\\/2025\\\/01\\\/Incalzitor-Narvi-Velvet-negru-5-600x600.jpg 600w, https:\\\/\\\/dev2.hidrostyle.ro\\\/wp-content\\\/uploads\\\/2025\\\/01\\\/Incalzitor-Narvi-Velvet-negru-5-720x720.jpg 720w, https:\\\/\\\/dev2.hidrostyle.ro\\\/wp-content\\\/uploads\\\/2025\\\/01\\\/Incalzitor-Narvi-Velvet-negru-5-1024x1024.jpg 1024w, https:\\\/\\\/dev2.hidrostyle.ro\\\/wp-content\\\/uploads\\\/2025\\\/01\\\/Incalzitor-Narvi-Velvet-negru-5-220x220.jpg 220w, https:\\\/\\\/dev2.hidrostyle.ro\\\/wp-content\\\/uploads\\\/2025\\\/01\\\/Incalzitor-Narvi-Velvet-negru-5-768x768.jpg 768w, https:\\\/\\\/dev2.hidrostyle.ro\\\/wp-content\\\/uploads\\\/2025\\\/01\\\/Incalzitor-Narvi-Velvet-negru-5-12x12.jpg 12w, https:\\\/\\\/dev2.hidrostyle.ro\\\/wp-content\\\/uploads\\\/2025\\\/01\\\/Incalzitor-Narvi-Velvet-negru-5-300x300.jpg 300w, https:\\\/\\\/dev2.hidrostyle.ro\\\/wp-content\\\/uploads\\\/2025\\\/01\\\/Incalzitor-Narvi-Velvet-negru-5-100x100.jpg 100w, https:\\\/\\\/dev2.hidrostyle.ro\\\/wp-content\\\/uploads\\\/2025\\\/01\\\/Incalzitor-Narvi-Velvet-negru-5.jpg 1200w&quot;,&quot;sizes&quot;:&quot;(max-width: 600px) 100vw, 600px&quot;,&quot;full_src&quot;:&quot;https:\\\/\\\/dev2.hidrostyle.ro\\\/wp-content\\\/uploads\\\/2025\\\/01\\\/Incalzitor-Narvi-Velvet-negru-5.jpg&quot;,&quot;full_src_w&quot;:1200,&quot;full_src_h&quot;:1200,&quot;gallery_thumbnail_src&quot;:&quot;https:\\\/\\\/dev2.hidrostyle.ro\\\/wp-content\\\/uploads\\\/2025\\\/01\\\/Incalzitor-Narvi-Velvet-negru-5-100x100.jpg&quot;,&quot;gallery_thumbnail_src_w&quot;:100,&quot;gallery_thumbnail_src_h&quot;:100,&quot;thumb_src&quot;:&quot;https:\\\/\\\/dev2.hidrostyle.ro\\\/wp-content\\\/uploads\\\/2025\\\/01\\\/Incalzitor-Narvi-Velvet-negru-5-300x300.jpg&quot;,&quot;thumb_src_w&quot;:300,&quot;thumb_src_h&quot;:300,&quot;src_w&quot;:600,&quot;src_h&quot;:600},&quot;image_id&quot;:12816,&quot;is_downloadable&quot;:false,&quot;is_in_stock&quot;:true,&quot;is_purchasable&quot;:true,&quot;is_sold_individually&quot;:&quot;no&quot;,&quot;is_virtual&quot;:false,&quot;max_qty&quot;:&quot;&quot;,&quot;min_qty&quot;:1,&quot;price_html&quot;:&quot;&lt;span class=\\&quot;price\\&quot;&gt;&lt;span class=\\&quot;woocommerce-Price-amount amount\\&quot;&gt;&lt;bdi&gt;8.718,00&amp;nbsp;&lt;span class=\\&quot;woocommerce-Price-currencySymbol\\&quot;&gt;lei&lt;\\\/span&gt;&lt;\\\/bdi&gt;&lt;\\\/span&gt;&lt;\\\/span&gt;&quot;,&quot;sku&quot;:&quot;&quot;,&quot;variation_description&quot;:&quot;&lt;p&gt;Velvet Electric 10.5 kW Black&lt;br \\\/&gt;\\nPutere: 10,5 kW&lt;br \\\/&gt;\\nVolum saun\\u0103: 10-18 m\\u00b3&lt;br \\\/&gt;\\nDimensiuni (H x D): 116 x 35,2 cm&lt;br \\\/&gt;\\nAjustare \\u00een\\u0103l\\u021bime: \\u00b11,5 cm&lt;br \\\/&gt;\\nGreutate: 21 kg&lt;br \\\/&gt;\\nCapacitate pietre: 140 kg&lt;br \\\/&gt;\\nSiguran\\u021b\\u0103: 3 x 16 A&lt;br \\\/&gt;\\nConexiune electric\\u0103: 380 W, 5 x 2,5 mm\\u00b2&lt;br \\\/&gt;\\nMaterial carcas\\u0103: O\\u021bel vopsit negru&lt;\\\/p&gt;\\n&lt;p&gt;Distan\\u021b\\u0103 siguran\\u021b\\u0103 lateral\\u0103 de montaj: 15 cm&lt;\\\/p&gt;\\n&quot;,&quot;variation_id&quot;:12827,&quot;variation_is_active&quot;:true,&quot;variation_is_visible&quot;:true,&quot;weight&quot;:&quot;21&quot;,&quot;weight_html&quot;:&quot;21 kg&quot;}]\" data-trp-original-action=\"https:\/\/dev2.hidrostyle.ro\/magazin\/incalzitor-electric-premium-narvi-velvet-e-9-10-5kw-fara-control\/\"><input type=\"hidden\" name=\"trp-form-language\" value=\"en\"\/><\/form>","protected":false},"featured_media":12771,"comment_status":"open","ping_status":"closed","template":"","meta":[],"product_brand":[],"product_cat":[95,181,185,190],"product_tag":[],"class_list":{"0":"post-12828","1":"product","2":"type-product","3":"status-publish","4":"has-post-thumbnail","6":"product_cat-saune","7":"product_cat-incalzitoare","8":"product_cat-marca","9":"product_cat-narvi","11":"first","12":"instock","13":"taxable","14":"shipping-taxable","15":"purchasable","16":"product-type-variable"},"_links":{"self":[{"href":"https:\/\/dev2.hidrostyle.ro\/en\/wp-json\/wp\/v2\/product\/12828","targetHints":{"allow":["GET"]}}],"collection":[{"href":"https:\/\/dev2.hidrostyle.ro\/en\/wp-json\/wp\/v2\/product"}],"about":[{"href":"https:\/\/dev2.hidrostyle.ro\/en\/wp-json\/wp\/v2\/types\/product"}],"replies":[{"embeddable":true,"href":"https:\/\/dev2.hidrostyle.ro\/en\/wp-json\/wp\/v2\/comments?post=12828"}],"wp:featuredmedia":[{"embeddable":true,"href":"https:\/\/dev2.hidrostyle.ro\/en\/wp-json\/wp\/v2\/media\/12771"}],"wp:attachment":[{"href":"https:\/\/dev2.hidrostyle.ro\/en\/wp-json\/wp\/v2\/media?parent=12828"}],"wp:term":[{"taxonomy":"product_brand","embeddable":true,"href":"https:\/\/dev2.hidrostyle.ro\/en\/wp-json\/wp\/v2\/product_brand?post=12828"},{"taxonomy":"product_cat","embeddable":true,"href":"https:\/\/dev2.hidrostyle.ro\/en\/wp-json\/wp\/v2\/product_cat?post=12828"},{"taxonomy":"product_tag","embeddable":true,"href":"https:\/\/dev2.hidrostyle.ro\/en\/wp-json\/wp\/v2\/product_tag?post=12828"}],"curies":[{"name":"wp","href":"https:\/\/api.w.org\/{rel}","templated":true}]}}