{"id":12800,"date":"2025-01-17T15:14:00","date_gmt":"2025-01-17T13:14:00","guid":{"rendered":"https:\/\/dev2.hidrostyle.ro\/?post_type=product&#038;p=12800"},"modified":"2025-04-28T17:35:20","modified_gmt":"2025-04-28T15:35:20","slug":"incalzitor-sauna-electric-turn-narvi-smooth-9-10-5kw-comanda-incorporata","status":"publish","type":"product","link":"https:\/\/dev2.hidrostyle.ro\/en\/store\/incalzitor-sauna-electric-turn-narvi-smooth-9-10-5kw-comanda-incorporata\/","title":{"rendered":"\u00cenc\u0103lzitor saun\u0103 electric Turn Narvi Smooth 9-10.5kW cu panou de comand\u0103"},"content":{"rendered":"","protected":false},"excerpt":{"rendered":"<p>\u00cenc\u0103lzitorul electric tip turn <strong>Narvi Smooth<\/strong> cu panou de comand\u0103 \u00eencorporat reprezint\u0103 alegerea perfect\u0103 pentru sauna dumneavoastr\u0103. Cu designul s\u0103u modern \u0219i capacitatea impresionant\u0103 de 100 kg pietre, ofer\u0103 o experien\u021b\u0103 autentic\u0103 de saun\u0103 finlandez\u0103 cu aburi moi \u0219i pl\u0103cu\u021bi. Partea frontal\u0103 superioar\u0103 deta\u0219abil\u0103 faciliteaz\u0103 \u00eentre\u021binerea \u0219i schimbarea pietrelor, iar posibilitatea instal\u0103rii \u00een col\u021b v\u0103 ofer\u0103 flexibilitate \u00een amenajare.<\/p>\n<p><strong>Brand: Narvi<\/strong>, Finlanda.<\/p>\n<p><strong><em>*Pietrele vulcanice nu sunt incluse \u0219i trebuie comandate separat.<\/em><\/strong><\/p>","protected":false},"featured_media":12757,"comment_status":"open","ping_status":"closed","template":"","meta":[],"product_brand":[],"product_cat":[95,181,185,190],"product_tag":[],"class_list":{"0":"post-12800","1":"product","2":"type-product","3":"status-publish","4":"has-post-thumbnail","6":"product_cat-saune","7":"product_cat-incalzitoare","8":"product_cat-marca","9":"product_cat-narvi","11":"first","12":"instock","13":"sale","14":"taxable","15":"shipping-taxable","16":"purchasable","17":"product-type-variable"},"_links":{"self":[{"href":"https:\/\/dev2.hidrostyle.ro\/en\/wp-json\/wp\/v2\/product\/12800","targetHints":{"allow":["GET"]}}],"collection":[{"href":"https:\/\/dev2.hidrostyle.ro\/en\/wp-json\/wp\/v2\/product"}],"about":[{"href":"https:\/\/dev2.hidrostyle.ro\/en\/wp-json\/wp\/v2\/types\/product"}],"replies":[{"embeddable":true,"href":"https:\/\/dev2.hidrostyle.ro\/en\/wp-json\/wp\/v2\/comments?post=12800"}],"wp:featuredmedia":[{"embeddable":true,"href":"https:\/\/dev2.hidrostyle.ro\/en\/wp-json\/wp\/v2\/media\/12757"}],"wp:attachment":[{"href":"https:\/\/dev2.hidrostyle.ro\/en\/wp-json\/wp\/v2\/media?parent=12800"}],"wp:term":[{"taxonomy":"product_brand","embeddable":true,"href":"https:\/\/dev2.hidrostyle.ro\/en\/wp-json\/wp\/v2\/product_brand?post=12800"},{"taxonomy":"product_cat","embeddable":true,"href":"https:\/\/dev2.hidrostyle.ro\/en\/wp-json\/wp\/v2\/product_cat?post=12800"},{"taxonomy":"product_tag","embeddable":true,"href":"https:\/\/dev2.hidrostyle.ro\/en\/wp-json\/wp\/v2\/product_tag?post=12800"}],"curies":[{"name":"wp","href":"https:\/\/api.w.org\/{rel}","templated":true}]}}