{"id":12795,"date":"2025-01-17T14:48:51","date_gmt":"2025-01-17T12:48:51","guid":{"rendered":"https:\/\/dev2.hidrostyle.ro\/?post_type=product&#038;p=12795"},"modified":"2025-04-28T17:35:25","modified_gmt":"2025-04-28T15:35:25","slug":"incalzitor-sauna-electric-turn-narvi-smooth-9-10-5kw-fara-control","status":"publish","type":"product","link":"https:\/\/dev2.hidrostyle.ro\/en\/store\/incalzitor-sauna-electric-turn-narvi-smooth-9-10-5kw-fara-control\/","title":{"rendered":"\u00cenc\u0103lzitor saun\u0103 electric Turn Narvi Smooth E 9-10.5kW (f\u0103r\u0103 control)"},"content":{"rendered":"","protected":false},"excerpt":{"rendered":"<p><strong>Narvi Smooth<\/strong> este un \u00eenc\u0103lzitor electric tip turn inovator, care impresioneaz\u0103 prin designul s\u0103u elegant \u0219i instalarea u\u0219oar\u0103. Cu o capacitate impresionant\u0103 de 100 kg pietre, ofer\u0103 o experien\u021b\u0103 de saun\u0103 pl\u0103cut\u0103 \u0219i relaxant\u0103 cu aburi moi \u0219i uniformi. Partea frontal\u0103 superioar\u0103 deta\u0219abil\u0103 faciliteaz\u0103 a\u0219ezarea \u0219i schimbarea pietrelor de saun\u0103. Poate fi instalat \u00een col\u021b pentru economisirea spa\u021biului.<\/p>\n<p><strong>Brand: Narvi<\/strong>, Finlanda.<\/p>\n<p><strong><em>*Unitatea de control \u0219i pietrele vulcanice nu sunt incluse \u0219i trebuie comandate separat.<\/em><\/strong><\/p>","protected":false},"featured_media":12813,"comment_status":"open","ping_status":"closed","template":"","meta":[],"product_brand":[],"product_cat":[95,181,185,190],"product_tag":[],"class_list":{"0":"post-12795","1":"product","2":"type-product","3":"status-publish","4":"has-post-thumbnail","6":"product_cat-saune","7":"product_cat-incalzitoare","8":"product_cat-marca","9":"product_cat-narvi","11":"first","12":"instock","13":"taxable","14":"shipping-taxable","15":"purchasable","16":"product-type-variable"},"_links":{"self":[{"href":"https:\/\/dev2.hidrostyle.ro\/en\/wp-json\/wp\/v2\/product\/12795","targetHints":{"allow":["GET"]}}],"collection":[{"href":"https:\/\/dev2.hidrostyle.ro\/en\/wp-json\/wp\/v2\/product"}],"about":[{"href":"https:\/\/dev2.hidrostyle.ro\/en\/wp-json\/wp\/v2\/types\/product"}],"replies":[{"embeddable":true,"href":"https:\/\/dev2.hidrostyle.ro\/en\/wp-json\/wp\/v2\/comments?post=12795"}],"wp:featuredmedia":[{"embeddable":true,"href":"https:\/\/dev2.hidrostyle.ro\/en\/wp-json\/wp\/v2\/media\/12813"}],"wp:attachment":[{"href":"https:\/\/dev2.hidrostyle.ro\/en\/wp-json\/wp\/v2\/media?parent=12795"}],"wp:term":[{"taxonomy":"product_brand","embeddable":true,"href":"https:\/\/dev2.hidrostyle.ro\/en\/wp-json\/wp\/v2\/product_brand?post=12795"},{"taxonomy":"product_cat","embeddable":true,"href":"https:\/\/dev2.hidrostyle.ro\/en\/wp-json\/wp\/v2\/product_cat?post=12795"},{"taxonomy":"product_tag","embeddable":true,"href":"https:\/\/dev2.hidrostyle.ro\/en\/wp-json\/wp\/v2\/product_tag?post=12795"}],"curies":[{"name":"wp","href":"https:\/\/api.w.org\/{rel}","templated":true}]}}