{"id":12789,"date":"2025-01-17T14:31:04","date_gmt":"2025-01-17T12:31:04","guid":{"rendered":"https:\/\/dev2.hidrostyle.ro\/?post_type=product&#038;p=12789"},"modified":"2025-04-28T17:35:30","modified_gmt":"2025-04-28T15:35:30","slug":"incalzitor-electric-sauna-narvi-nc-electric-6-9kw-fara-control","status":"publish","type":"product","link":"https:\/\/dev2.hidrostyle.ro\/en\/store\/incalzitor-electric-sauna-narvi-nc-electric-6-9kw-fara-control\/","title":{"rendered":"\u00cenc\u0103lzitor electric saun\u0103 Narvi NCE 6-9kW (f\u0103r\u0103 control)"},"content":{"rendered":"","protected":false},"excerpt":{"rendered":"<p>\u00cenc\u0103lzitorul electric <strong>Narvi NCE<\/strong> reprezint\u0103 versiunea f\u0103r\u0103 control a popularei serii NC. Acest \u00eenc\u0103lzitor de \u00eenalt\u0103 calitate produce aburi pl\u0103cu\u021bi \u0219i \u00eenc\u0103lze\u0219te rapid sauna. Disponibil cu carcas\u0103 vopsit\u0103 \u00een negru sau alb, acest model necesit\u0103 o unitate de control separat\u0103 pentru func\u021bionare (nu este inclus\u0103). Design-ul elegant \u0219i simplu se potrive\u0219te perfect \u00een orice saun\u0103 modern\u0103.<\/p>\n<p><strong>Brand: Narvi<\/strong>, Finlanda.<\/p>\n<p><strong><em>*Unitatea de control \u0219i pietrele vulcanice nu sunt incluse \u0219i trebuie comandate separat.<\/em><\/strong><\/p>","protected":false},"featured_media":12783,"comment_status":"open","ping_status":"closed","template":"","meta":[],"product_brand":[],"product_cat":[95,181,185,190],"product_tag":[],"class_list":{"0":"post-12789","1":"product","2":"type-product","3":"status-publish","4":"has-post-thumbnail","6":"product_cat-saune","7":"product_cat-incalzitoare","8":"product_cat-marca","9":"product_cat-narvi","11":"first","12":"instock","13":"taxable","14":"shipping-taxable","15":"purchasable","16":"product-type-variable"},"_links":{"self":[{"href":"https:\/\/dev2.hidrostyle.ro\/en\/wp-json\/wp\/v2\/product\/12789","targetHints":{"allow":["GET"]}}],"collection":[{"href":"https:\/\/dev2.hidrostyle.ro\/en\/wp-json\/wp\/v2\/product"}],"about":[{"href":"https:\/\/dev2.hidrostyle.ro\/en\/wp-json\/wp\/v2\/types\/product"}],"replies":[{"embeddable":true,"href":"https:\/\/dev2.hidrostyle.ro\/en\/wp-json\/wp\/v2\/comments?post=12789"}],"wp:featuredmedia":[{"embeddable":true,"href":"https:\/\/dev2.hidrostyle.ro\/en\/wp-json\/wp\/v2\/media\/12783"}],"wp:attachment":[{"href":"https:\/\/dev2.hidrostyle.ro\/en\/wp-json\/wp\/v2\/media?parent=12789"}],"wp:term":[{"taxonomy":"product_brand","embeddable":true,"href":"https:\/\/dev2.hidrostyle.ro\/en\/wp-json\/wp\/v2\/product_brand?post=12789"},{"taxonomy":"product_cat","embeddable":true,"href":"https:\/\/dev2.hidrostyle.ro\/en\/wp-json\/wp\/v2\/product_cat?post=12789"},{"taxonomy":"product_tag","embeddable":true,"href":"https:\/\/dev2.hidrostyle.ro\/en\/wp-json\/wp\/v2\/product_tag?post=12789"}],"curies":[{"name":"wp","href":"https:\/\/api.w.org\/{rel}","templated":true}]}}