{"id":12778,"date":"2025-01-17T13:58:33","date_gmt":"2025-01-17T11:58:33","guid":{"rendered":"https:\/\/dev2.hidrostyle.ro\/?post_type=product&#038;p=12778"},"modified":"2025-04-28T17:35:34","modified_gmt":"2025-04-28T15:35:34","slug":"incalzitor-electric-pentru-sauna-narvi-nc-electric-6-9kw-comanda-incorporata","status":"publish","type":"product","link":"https:\/\/dev2.hidrostyle.ro\/en\/store\/incalzitor-electric-pentru-sauna-narvi-nc-electric-6-9kw-comanda-incorporata\/","title":{"rendered":"\u00cenc\u0103lzitor electric saun\u0103 Narvi NC 6-9kW cu panou de comand\u0103"},"content":{"rendered":"","protected":false},"excerpt":{"rendered":"<p>\u00cenc\u0103lzitorul electric <strong>Narvi NC<\/strong> reprezint\u0103 o nou\u0103 genera\u021bie de \u00eenc\u0103lzitoare de saun\u0103 de \u00eenalt\u0103 calitate, cu un design elegant \u0219i simplu. Acest \u00eenc\u0103lzitor u\u0219or de utilizat produce aburi pl\u0103cu\u021bi \u0219i \u00eenc\u0103lze\u0219te rapid sauna. Disponibil cu carcas\u0103 vopsit\u0103 \u00een negru sau alb, vine echipat cu un panou de comand\u0103 separat\u0103 ce poate fi instalat\u0103 at\u00e2t \u00een interiorul, c\u00e2t \u0219i \u00een exteriorul camerei de aburi. Cablul unit\u0103\u021bii de control are o lungime de 3 metri, oferind flexibilitate \u00een instalare.<\/p>\n<p><strong>Brand: Narvi<\/strong>, Finlanda.<\/p>\n<p><strong><em>*Pietrele vulcanice nu sunt incluse \u0219i trebuie comandate separat.<\/em><\/strong><\/p>","protected":false},"featured_media":12784,"comment_status":"open","ping_status":"closed","template":"","meta":[],"product_brand":[],"product_cat":[95,181,185,190],"product_tag":[],"class_list":{"0":"post-12778","1":"product","2":"type-product","3":"status-publish","4":"has-post-thumbnail","6":"product_cat-saune","7":"product_cat-incalzitoare","8":"product_cat-marca","9":"product_cat-narvi","11":"first","12":"instock","13":"sale","14":"taxable","15":"shipping-taxable","16":"purchasable","17":"product-type-variable"},"_links":{"self":[{"href":"https:\/\/dev2.hidrostyle.ro\/en\/wp-json\/wp\/v2\/product\/12778","targetHints":{"allow":["GET"]}}],"collection":[{"href":"https:\/\/dev2.hidrostyle.ro\/en\/wp-json\/wp\/v2\/product"}],"about":[{"href":"https:\/\/dev2.hidrostyle.ro\/en\/wp-json\/wp\/v2\/types\/product"}],"replies":[{"embeddable":true,"href":"https:\/\/dev2.hidrostyle.ro\/en\/wp-json\/wp\/v2\/comments?post=12778"}],"wp:featuredmedia":[{"embeddable":true,"href":"https:\/\/dev2.hidrostyle.ro\/en\/wp-json\/wp\/v2\/media\/12784"}],"wp:attachment":[{"href":"https:\/\/dev2.hidrostyle.ro\/en\/wp-json\/wp\/v2\/media?parent=12778"}],"wp:term":[{"taxonomy":"product_brand","embeddable":true,"href":"https:\/\/dev2.hidrostyle.ro\/en\/wp-json\/wp\/v2\/product_brand?post=12778"},{"taxonomy":"product_cat","embeddable":true,"href":"https:\/\/dev2.hidrostyle.ro\/en\/wp-json\/wp\/v2\/product_cat?post=12778"},{"taxonomy":"product_tag","embeddable":true,"href":"https:\/\/dev2.hidrostyle.ro\/en\/wp-json\/wp\/v2\/product_tag?post=12778"}],"curies":[{"name":"wp","href":"https:\/\/api.w.org\/{rel}","templated":true}]}}