{"id":12719,"date":"2025-01-15T18:04:21","date_gmt":"2025-01-15T16:04:21","guid":{"rendered":"https:\/\/dev2.hidrostyle.ro\/?post_type=product&#038;p=12719"},"modified":"2025-04-28T17:35:40","modified_gmt":"2025-04-28T15:35:40","slug":"incalzitor-electric-pentru-sauna-narvi-nm-negru-4-5-9kw","status":"publish","type":"product","link":"https:\/\/dev2.hidrostyle.ro\/en\/store\/incalzitor-electric-pentru-sauna-narvi-nm-negru-4-5-9kw\/","title":{"rendered":"\u00cenc\u0103lzitor electric saun\u0103 Narvi, NM Negru 4.5-9kW (comand\u0103 \u00eencorporat\u0103)"},"content":{"rendered":"","protected":false},"excerpt":{"rendered":"<p>Seria de \u00eenc\u0103lzitoare electrice <strong>Narvi NM<\/strong> reprezint\u0103 solu\u021bia ideal\u0103 pentru sauna dumneavoastr\u0103, fiind proiectat\u0103 \u0219i fabricat\u0103 \u00een Finlanda cu accent pe func\u021bionalitate, durabilitate \u0219i performan\u021b\u0103. Disponibil\u0103 \u00een trei variante de putere pentru a se potrivi perfect oric\u0103rei dimensiuni de saun\u0103. Comanda \u00eencorporat\u0103 \u00een partea inferioar\u0103 v\u0103 permite controlul direct al temperaturii, iar comutatorul de control poate fi instalat u\u0219or pe oricare dintre p\u0103r\u021bile laterale ale \u00eenc\u0103lzitorului.<\/p>\n<p><strong>Brand: Narvi<\/strong>, Finlanda.<\/p>\n<p><strong><em>*Pietrele vulcanice nu sunt incluse \u0219i trebuie comandate separat.<\/em><\/strong><\/p>","protected":false},"featured_media":12720,"comment_status":"open","ping_status":"closed","template":"","meta":[],"product_brand":[],"product_cat":[95,181,185,190],"product_tag":[],"class_list":{"0":"post-12719","1":"product","2":"type-product","3":"status-publish","4":"has-post-thumbnail","6":"product_cat-saune","7":"product_cat-incalzitoare","8":"product_cat-marca","9":"product_cat-narvi","11":"first","12":"instock","13":"taxable","14":"shipping-taxable","15":"purchasable","16":"product-type-variable"},"_links":{"self":[{"href":"https:\/\/dev2.hidrostyle.ro\/en\/wp-json\/wp\/v2\/product\/12719","targetHints":{"allow":["GET"]}}],"collection":[{"href":"https:\/\/dev2.hidrostyle.ro\/en\/wp-json\/wp\/v2\/product"}],"about":[{"href":"https:\/\/dev2.hidrostyle.ro\/en\/wp-json\/wp\/v2\/types\/product"}],"replies":[{"embeddable":true,"href":"https:\/\/dev2.hidrostyle.ro\/en\/wp-json\/wp\/v2\/comments?post=12719"}],"wp:featuredmedia":[{"embeddable":true,"href":"https:\/\/dev2.hidrostyle.ro\/en\/wp-json\/wp\/v2\/media\/12720"}],"wp:attachment":[{"href":"https:\/\/dev2.hidrostyle.ro\/en\/wp-json\/wp\/v2\/media?parent=12719"}],"wp:term":[{"taxonomy":"product_brand","embeddable":true,"href":"https:\/\/dev2.hidrostyle.ro\/en\/wp-json\/wp\/v2\/product_brand?post=12719"},{"taxonomy":"product_cat","embeddable":true,"href":"https:\/\/dev2.hidrostyle.ro\/en\/wp-json\/wp\/v2\/product_cat?post=12719"},{"taxonomy":"product_tag","embeddable":true,"href":"https:\/\/dev2.hidrostyle.ro\/en\/wp-json\/wp\/v2\/product_tag?post=12719"}],"curies":[{"name":"wp","href":"https:\/\/api.w.org\/{rel}","templated":true}]}}