{"id":12524,"date":"2025-01-03T15:26:22","date_gmt":"2025-01-03T13:26:22","guid":{"rendered":"https:\/\/dev2.hidrostyle.ro\/?post_type=product&#038;p=12524"},"modified":"2025-01-13T19:20:07","modified_gmt":"2025-01-13T17:20:07","slug":"trepte-pentu-cazi-cu-hidromasaj-treesse","status":"publish","type":"product","link":"https:\/\/dev2.hidrostyle.ro\/en\/store\/trepte-pentu-cazi-cu-hidromasaj-treesse\/","title":{"rendered":"Trepte pentru cad\u0103 cu hidromasaj Treesse"},"content":{"rendered":"","protected":false},"excerpt":{"rendered":"<p>Step-Box 115 este un sistem modular de trepte conceput special pentru spa-urile Treesse cu tehnologie Ghost \u0219i Ghost Plus. Dotat cu pl\u0103ci din gresie antiderapant\u0103 cu aspect de piatr\u0103 natural\u0103 de 20mm grosime, acest model ofer\u0103 acces sigur \u0219i elegant la cada cu hidromasaj. Disponibil \u00een trei finisaje de culoare &#8211; Nuit, Cemento \u0219i Gesso &#8211; Step-Box 115 \u00eembin\u0103 perfect func\u021bionalitatea cu designul modern, complet\u00e2nd aspectul estetic al spa-ului.<\/p>","protected":false},"featured_media":12521,"comment_status":"open","ping_status":"closed","template":"","meta":[],"product_brand":[],"product_cat":[19,90],"product_tag":[],"class_list":{"0":"post-12524","1":"product","2":"type-product","3":"status-publish","4":"has-post-thumbnail","6":"product_cat-magazin-hidromasaj","7":"product_cat-accesorii","9":"first","10":"instock","11":"taxable","12":"shipping-taxable","13":"purchasable","14":"product-type-variable"},"_links":{"self":[{"href":"https:\/\/dev2.hidrostyle.ro\/en\/wp-json\/wp\/v2\/product\/12524","targetHints":{"allow":["GET"]}}],"collection":[{"href":"https:\/\/dev2.hidrostyle.ro\/en\/wp-json\/wp\/v2\/product"}],"about":[{"href":"https:\/\/dev2.hidrostyle.ro\/en\/wp-json\/wp\/v2\/types\/product"}],"replies":[{"embeddable":true,"href":"https:\/\/dev2.hidrostyle.ro\/en\/wp-json\/wp\/v2\/comments?post=12524"}],"wp:featuredmedia":[{"embeddable":true,"href":"https:\/\/dev2.hidrostyle.ro\/en\/wp-json\/wp\/v2\/media\/12521"}],"wp:attachment":[{"href":"https:\/\/dev2.hidrostyle.ro\/en\/wp-json\/wp\/v2\/media?parent=12524"}],"wp:term":[{"taxonomy":"product_brand","embeddable":true,"href":"https:\/\/dev2.hidrostyle.ro\/en\/wp-json\/wp\/v2\/product_brand?post=12524"},{"taxonomy":"product_cat","embeddable":true,"href":"https:\/\/dev2.hidrostyle.ro\/en\/wp-json\/wp\/v2\/product_cat?post=12524"},{"taxonomy":"product_tag","embeddable":true,"href":"https:\/\/dev2.hidrostyle.ro\/en\/wp-json\/wp\/v2\/product_tag?post=12524"}],"curies":[{"name":"wp","href":"https:\/\/api.w.org\/{rel}","templated":true}]}}