{"id":11719,"date":"2024-09-27T18:06:43","date_gmt":"2024-09-27T16:06:43","guid":{"rendered":"https:\/\/dev2.hidrostyle.ro\/?post_type=product&#038;p=11719"},"modified":"2025-02-05T14:26:11","modified_gmt":"2025-02-05T12:26:11","slug":"prolift-cover-lifter-iv","status":"publish","type":"product","link":"https:\/\/dev2.hidrostyle.ro\/en\/store\/prolift-cover-lifter-iv\/","title":{"rendered":"Sistem prelat\u0103 pentru cada cu hidromasaj &#8211; ProLift Cover Lifter IV"},"content":{"rendered":"","protected":false},"excerpt":{"rendered":"<p><strong>ProLift IV Cover Lifter<\/strong>, creat de <strong>Caldera Spas\u00ae<\/strong>, este solu\u021bia ideal\u0103 pentru c\u0103zile cu hidromasaj amplasate \u00een spa\u021bii restr\u00e2nse. Acest sistem inovator permite pozi\u021bionarea vertical\u0103 a prelatei \u00een spatele spa-ului, necesit\u00e2nd doar 18 cm spa\u021biu liber. Perfect pentru foi\u0219oare \u0219i zone compacte, <strong>ProLift IV<\/strong> combin\u0103 eficien\u021ba cu designul compact, oferind o metod\u0103 practic\u0103 \u0219i elegant\u0103 de a gestiona prelata spa-ului, chiar \u0219i \u00een cele mai limitate spa\u021bii.<\/p>","protected":false},"featured_media":11701,"comment_status":"open","ping_status":"closed","template":"","meta":[],"product_brand":[],"product_cat":[19,172,187,185],"product_tag":[],"class_list":{"0":"post-11719","1":"product","2":"type-product","3":"status-publish","4":"has-post-thumbnail","6":"product_cat-magazin-hidromasaj","7":"product_cat-sisteme-prelata","8":"product_cat-caldera-spas","9":"product_cat-marca","11":"first","12":"instock","13":"taxable","14":"shipping-taxable","15":"purchasable","16":"product-type-simple"},"_links":{"self":[{"href":"https:\/\/dev2.hidrostyle.ro\/en\/wp-json\/wp\/v2\/product\/11719","targetHints":{"allow":["GET"]}}],"collection":[{"href":"https:\/\/dev2.hidrostyle.ro\/en\/wp-json\/wp\/v2\/product"}],"about":[{"href":"https:\/\/dev2.hidrostyle.ro\/en\/wp-json\/wp\/v2\/types\/product"}],"replies":[{"embeddable":true,"href":"https:\/\/dev2.hidrostyle.ro\/en\/wp-json\/wp\/v2\/comments?post=11719"}],"wp:featuredmedia":[{"embeddable":true,"href":"https:\/\/dev2.hidrostyle.ro\/en\/wp-json\/wp\/v2\/media\/11701"}],"wp:attachment":[{"href":"https:\/\/dev2.hidrostyle.ro\/en\/wp-json\/wp\/v2\/media?parent=11719"}],"wp:term":[{"taxonomy":"product_brand","embeddable":true,"href":"https:\/\/dev2.hidrostyle.ro\/en\/wp-json\/wp\/v2\/product_brand?post=11719"},{"taxonomy":"product_cat","embeddable":true,"href":"https:\/\/dev2.hidrostyle.ro\/en\/wp-json\/wp\/v2\/product_cat?post=11719"},{"taxonomy":"product_tag","embeddable":true,"href":"https:\/\/dev2.hidrostyle.ro\/en\/wp-json\/wp\/v2\/product_tag?post=11719"}],"curies":[{"name":"wp","href":"https:\/\/api.w.org\/{rel}","templated":true}]}}