{"id":11718,"date":"2024-09-27T17:56:33","date_gmt":"2024-09-27T15:56:33","guid":{"rendered":"https:\/\/dev2.hidrostyle.ro\/?post_type=product&#038;p=11718"},"modified":"2025-02-05T14:26:21","modified_gmt":"2025-02-05T12:26:21","slug":"prolift-cover-lifter-iii","status":"publish","type":"product","link":"https:\/\/dev2.hidrostyle.ro\/en\/store\/prolift-cover-lifter-iii\/","title":{"rendered":"Sistem prelat\u0103 pentru cada cu hidromasaj &#8211; ProLift Cover Lifter III"},"content":{"rendered":"","protected":false},"excerpt":{"rendered":"<p><strong>ProLift III Cover Lifter<\/strong>, dezvoltat de <strong>Caldera Spas\u00ae<\/strong>, este un sistem premium de ridicare a prelatei pentru c\u0103zi cu hidromasaj, proiectat s\u0103 ofere confort \u0219i eficien\u021b\u0103 maxim\u0103. Echipat cu dou\u0103 amortizoare pneumatice cu gaz, acest dispozitiv robust asigur\u0103 o func\u021bionare lin\u0103 \u0219i silen\u021bioas\u0103, permi\u021b\u00e2nd manipularea f\u0103r\u0103 efort a prelatei, chiar \u0219i pentru modelele mari de spa-uri. Sistemul s\u0103u inovator de arcuri preia sarcina grea a ridic\u0103rii, minimiz\u00e2nd efortul utilizatorului \u0219i reduc\u00e2nd riscul de accidentare. Cu un design compact ce necesit\u0103 doar 60 cm spa\u021biu liber, <strong>ProLift III<\/strong> se integreaz\u0103 discret \u00een orice ambient, oferind o solu\u021bie durabil\u0103 \u0219i fiabil\u0103 pentru \u00eembun\u0103t\u0103\u021birea semnificativ\u0103 a experien\u021bei de utilizare a spa-ului dumneavoastr\u0103.<\/p>","protected":false},"featured_media":11700,"comment_status":"open","ping_status":"closed","template":"","meta":[],"product_brand":[],"product_cat":[19,172,187,185],"product_tag":[],"class_list":{"0":"post-11718","1":"product","2":"type-product","3":"status-publish","4":"has-post-thumbnail","6":"product_cat-magazin-hidromasaj","7":"product_cat-sisteme-prelata","8":"product_cat-caldera-spas","9":"product_cat-marca","11":"first","12":"instock","13":"taxable","14":"shipping-taxable","15":"purchasable","16":"product-type-simple"},"_links":{"self":[{"href":"https:\/\/dev2.hidrostyle.ro\/en\/wp-json\/wp\/v2\/product\/11718","targetHints":{"allow":["GET"]}}],"collection":[{"href":"https:\/\/dev2.hidrostyle.ro\/en\/wp-json\/wp\/v2\/product"}],"about":[{"href":"https:\/\/dev2.hidrostyle.ro\/en\/wp-json\/wp\/v2\/types\/product"}],"replies":[{"embeddable":true,"href":"https:\/\/dev2.hidrostyle.ro\/en\/wp-json\/wp\/v2\/comments?post=11718"}],"wp:featuredmedia":[{"embeddable":true,"href":"https:\/\/dev2.hidrostyle.ro\/en\/wp-json\/wp\/v2\/media\/11700"}],"wp:attachment":[{"href":"https:\/\/dev2.hidrostyle.ro\/en\/wp-json\/wp\/v2\/media?parent=11718"}],"wp:term":[{"taxonomy":"product_brand","embeddable":true,"href":"https:\/\/dev2.hidrostyle.ro\/en\/wp-json\/wp\/v2\/product_brand?post=11718"},{"taxonomy":"product_cat","embeddable":true,"href":"https:\/\/dev2.hidrostyle.ro\/en\/wp-json\/wp\/v2\/product_cat?post=11718"},{"taxonomy":"product_tag","embeddable":true,"href":"https:\/\/dev2.hidrostyle.ro\/en\/wp-json\/wp\/v2\/product_tag?post=11718"}],"curies":[{"name":"wp","href":"https:\/\/api.w.org\/{rel}","templated":true}]}}