{"id":11716,"date":"2024-09-27T17:42:06","date_gmt":"2024-09-27T15:42:06","guid":{"rendered":"https:\/\/dev2.hidrostyle.ro\/?post_type=product&#038;p=11716"},"modified":"2025-02-05T14:26:32","modified_gmt":"2025-02-05T12:26:32","slug":"prolift-cover-lifter-ii","status":"publish","type":"product","link":"https:\/\/dev2.hidrostyle.ro\/en\/store\/prolift-cover-lifter-ii\/","title":{"rendered":"Sistem prelat\u0103 pentru cada cu hidromasaj &#8211; ProLift Cover Lifter II"},"content":{"rendered":"","protected":false},"excerpt":{"rendered":"<p><strong>ProLift II Cover Lifter<\/strong>, creat de <strong>Caldera Spas\u00ae<\/strong>, este un sistem eficient de ridicare a prelatei pentru c\u0103zile cu hidromasaj, conceput s\u0103 \u00eembun\u0103t\u0103\u021beasc\u0103 semnificativ experien\u021ba utilizatorilor. Acest dispozitiv inovator utilizeaz\u0103 un singur amortizor pneumatic, asigur\u00e2nd o func\u021bionare lin\u0103 \u0219i silen\u021bioas\u0103, ceea ce face manipularea prelatei o sarcin\u0103 simpl\u0103 \u0219i f\u0103r\u0103 efort. Cu un design compact ce necesit\u0103 doar 60 cm spa\u021biu liber, <strong>ProLift II<\/strong> se integreaz\u0103 u\u0219or \u00een orice configura\u021bie de spa. Sistemul ofer\u0103 un confort sporit, permi\u021b\u00e2nd utilizatorilor s\u0103 ridice \u0219i s\u0103 coboare prelata cu u\u0219urin\u021b\u0103, transform\u00e2nd \u00eentre\u021binerea spa-ului \u00eentr-o experien\u021b\u0103 pl\u0103cut\u0103. Robust \u0219i fiabil, <strong>ProLift II<\/strong> reprezint\u0103 o solu\u021bie practic\u0103 pentru proprietarii de c\u0103zi cu hidromasaj care caut\u0103 s\u0103 optimizeze utilizarea \u0219i \u00eengrijirea spa-ului lor.<\/p>","protected":false},"featured_media":11699,"comment_status":"open","ping_status":"closed","template":"","meta":[],"product_brand":[],"product_cat":[19,172,187,185],"product_tag":[],"class_list":{"0":"post-11716","1":"product","2":"type-product","3":"status-publish","4":"has-post-thumbnail","6":"product_cat-magazin-hidromasaj","7":"product_cat-sisteme-prelata","8":"product_cat-caldera-spas","9":"product_cat-marca","11":"first","12":"instock","13":"taxable","14":"shipping-taxable","15":"purchasable","16":"product-type-simple"},"_links":{"self":[{"href":"https:\/\/dev2.hidrostyle.ro\/en\/wp-json\/wp\/v2\/product\/11716","targetHints":{"allow":["GET"]}}],"collection":[{"href":"https:\/\/dev2.hidrostyle.ro\/en\/wp-json\/wp\/v2\/product"}],"about":[{"href":"https:\/\/dev2.hidrostyle.ro\/en\/wp-json\/wp\/v2\/types\/product"}],"replies":[{"embeddable":true,"href":"https:\/\/dev2.hidrostyle.ro\/en\/wp-json\/wp\/v2\/comments?post=11716"}],"wp:featuredmedia":[{"embeddable":true,"href":"https:\/\/dev2.hidrostyle.ro\/en\/wp-json\/wp\/v2\/media\/11699"}],"wp:attachment":[{"href":"https:\/\/dev2.hidrostyle.ro\/en\/wp-json\/wp\/v2\/media?parent=11716"}],"wp:term":[{"taxonomy":"product_brand","embeddable":true,"href":"https:\/\/dev2.hidrostyle.ro\/en\/wp-json\/wp\/v2\/product_brand?post=11716"},{"taxonomy":"product_cat","embeddable":true,"href":"https:\/\/dev2.hidrostyle.ro\/en\/wp-json\/wp\/v2\/product_cat?post=11716"},{"taxonomy":"product_tag","embeddable":true,"href":"https:\/\/dev2.hidrostyle.ro\/en\/wp-json\/wp\/v2\/product_tag?post=11716"}],"curies":[{"name":"wp","href":"https:\/\/api.w.org\/{rel}","templated":true}]}}