{"id":11702,"date":"2024-09-27T17:05:38","date_gmt":"2024-09-27T15:05:38","guid":{"rendered":"https:\/\/dev2.hidrostyle.ro\/?post_type=product&#038;p=11702"},"modified":"2025-02-05T14:26:43","modified_gmt":"2025-02-05T12:26:43","slug":"prolift-cover-lifter","status":"publish","type":"product","link":"https:\/\/dev2.hidrostyle.ro\/en\/store\/prolift-cover-lifter\/","title":{"rendered":"Sistem prelat\u0103 pentru cada cu hidromasaj &#8211; ProLift Cover Lifter"},"content":{"rendered":"","protected":false},"excerpt":{"rendered":"<p><strong>ProLift Cover Lifter<\/strong> from <strong>Caldera Spas\u00ae<\/strong> este un sistem de baz\u0103 eficient pentru manipularea prelatei c\u0103zilor cu hidromasaj. Acest dispozitiv practic se ata\u0219eaz\u0103 at\u00e2t la cabinet, c\u00e2t \u0219i la prelat\u0103, oferind o metod\u0103 simpl\u0103 de operare: ridica\u021bi, glisa\u021bi \u0219i \u00eendep\u0103rta\u021bi. Cu o op\u021biune integrat\u0103 de blocare pentru siguran\u021b\u0103 sporit\u0103 \u0219i necesit\u00e2nd doar 36 cm spa\u021biu liber, <strong>ProLift<\/strong> reprezint\u0103 o solu\u021bie accesibil\u0103 \u0219i u\u0219or de utilizat pentru proprietarii de spa-uri care caut\u0103 confort f\u0103r\u0103 complica\u021bii.<\/p>","protected":false},"featured_media":11698,"comment_status":"open","ping_status":"closed","template":"","meta":[],"product_brand":[],"product_cat":[19,172,187,185],"product_tag":[],"class_list":{"0":"post-11702","1":"product","2":"type-product","3":"status-publish","4":"has-post-thumbnail","6":"product_cat-magazin-hidromasaj","7":"product_cat-sisteme-prelata","8":"product_cat-caldera-spas","9":"product_cat-marca","11":"first","12":"instock","13":"taxable","14":"shipping-taxable","15":"purchasable","16":"product-type-simple"},"_links":{"self":[{"href":"https:\/\/dev2.hidrostyle.ro\/en\/wp-json\/wp\/v2\/product\/11702","targetHints":{"allow":["GET"]}}],"collection":[{"href":"https:\/\/dev2.hidrostyle.ro\/en\/wp-json\/wp\/v2\/product"}],"about":[{"href":"https:\/\/dev2.hidrostyle.ro\/en\/wp-json\/wp\/v2\/types\/product"}],"replies":[{"embeddable":true,"href":"https:\/\/dev2.hidrostyle.ro\/en\/wp-json\/wp\/v2\/comments?post=11702"}],"wp:featuredmedia":[{"embeddable":true,"href":"https:\/\/dev2.hidrostyle.ro\/en\/wp-json\/wp\/v2\/media\/11698"}],"wp:attachment":[{"href":"https:\/\/dev2.hidrostyle.ro\/en\/wp-json\/wp\/v2\/media?parent=11702"}],"wp:term":[{"taxonomy":"product_brand","embeddable":true,"href":"https:\/\/dev2.hidrostyle.ro\/en\/wp-json\/wp\/v2\/product_brand?post=11702"},{"taxonomy":"product_cat","embeddable":true,"href":"https:\/\/dev2.hidrostyle.ro\/en\/wp-json\/wp\/v2\/product_cat?post=11702"},{"taxonomy":"product_tag","embeddable":true,"href":"https:\/\/dev2.hidrostyle.ro\/en\/wp-json\/wp\/v2\/product_tag?post=11702"}],"curies":[{"name":"wp","href":"https:\/\/api.w.org\/{rel}","templated":true}]}}