{"id":8001,"date":"2024-04-02T11:13:29","date_gmt":"2024-04-02T09:13:29","guid":{"rendered":"https:\/\/dev2.hidrostyle.ro\/?page_id=8001"},"modified":"2025-03-21T14:31:58","modified_gmt":"2025-03-21T12:31:58","slug":"wellness-spa-center","status":"publish","type":"page","link":"https:\/\/dev2.hidrostyle.ro\/en\/wellness-spa-center\/","title":{"rendered":"Spa &amp; Wellness"},"content":{"rendered":"<section>\n<p class=\"text-center\">In our Spa &amp; Wellness universe, luxury and relaxation intertwine in a symphony of sensations. Emotional showers awaken the senses and invigorate the spirit, thermal loungers relax the body, whilst the salt room completes the pampering experience with its multiple health benefits.<\/p>\n<section>\n<div class=\"row-grid grid-gap grid-m grid-center columns-2\">\n<div>\n<h1>Bazine cu ap\u0103 rece<\/h1>\n<p>Descoper\u0103 colec\u021bia noastr\u0103 de bazine cu ap\u0103 rece, concepute pentru a oferi terapii prin imersiune \u0219i recuperare optim\u0103. Beneficiaz\u0103 de design modern, tehnologii inovatoare \u0219i solu\u021bii ideale pentru sportivi \u0219i pasiona\u021bi de wellness.<\/p>\n<p><a class=\"btn\" href=\"https:\/\/dev2.hidrostyle.ro\/en\/spa-wellness-category\/bazine-cu-apa-rece\/\">See the products<\/a><\/p>\n<\/div>\n<div><img decoding=\"async\" src=\"https:\/\/dev2.hidrostyle.ro\/wp-content\/uploads\/2025\/02\/Bazin-cu-apa-rece-Emerge-Cold-Plunge-Caldera-Spas-produs-banner-categorie3.jpg\" \/><\/div>\n<\/div>\n<\/section>\n<hr \/>\n<\/section>\n<section>\n<div class=\"row-grid grid-gap grid-m grid-center columns-2\">\n<div>\n<h1>Emotional showers<\/h1>\n<p>Usually boasting a minimalist design, emotional showers are an interplay of water jets, colors, temperatures and aromas in a multitude of different combinations, offering an emotional and sensory experience that creates ever-changing atmospheres in harmony with the body.<\/p>\n<p><a class=\"btn\" href=\"https:\/\/dev2.hidrostyle.ro\/en\/spa-wellness-category\/emotional-showers\/\">See the products<\/a><\/p>\n<\/div>\n<div><img decoding=\"async\" src=\"https:\/\/dev2.hidrostyle.ro\/wp-content\/uploads\/2024\/04\/dusuri-emotionale.png\" \/><\/div>\n<\/div>\n<\/section>\n<hr \/>\n<section>\n<div class=\"row-grid grid-gap grid-m grid-center columns-2\">\n<div>\n<h1>Ice machines<\/h1>\n<p>Ice machines are unique and refreshing experiences, bringing a touch of winter to any environment. These are special devices that produce ice flakes, providing a refreshing and revitalizing sensation.<\/p>\n<p><a class=\"btn\" href=\"https:\/\/dev2.hidrostyle.ro\/en\/spa-wellness-category\/ice-machine\/\">See the products<\/a><\/p>\n<\/div>\n<div><img decoding=\"async\" src=\"https:\/\/dev2.hidrostyle.ro\/wp-content\/uploads\/2024\/04\/masini-de-gheata.png\" \/><\/div>\n<\/div>\n<\/section>\n<hr \/>\n<section>\n<div class=\"row-grid grid-gap grid-m grid-center columns-2\">\n<div>\n<h1>Heated loungers<\/h1>\n<p>Heated loungers offer moments of relaxation after a session of hydrotherapy, Finnish sauna or steam bath and have a positive effect on the nervous, muscular and cardiovascular systems. They are heated to 38-39 \u00b0C, but can be adjusted according to preference. Heated loungers can be designed to complement any aesthetic and can be used in both indoor and outdoor environments.<\/p>\n<p><a class=\"btn\" href=\"https:\/\/dev2.hidrostyle.ro\/en\/spa-wellness-category\/deck-chairs\/\">See the products<\/a><\/p>\n<\/div>\n<div><img decoding=\"async\" src=\"https:\/\/dev2.hidrostyle.ro\/wp-content\/uploads\/2024\/04\/sezlonguri.png\" \/><\/div>\n<\/div>\n<\/section>\n<hr \/>\n<section>\n<div class=\"row-grid grid-gap grid-m grid-center columns-2\">\n<div>\n<h1>Salinizers<\/h1>\n<p>Salinizers produce an extremely fine and dry mist from an ultrapure salt solution, using an ultrasonic system or a high-pressure diaphragm solenoid pump. This dense mist is distributed in the room by an air current generated by the salinizer, thus creating a climate similar to the marine one.<\/p>\n<p><a class=\"btn\" href=\"https:\/\/dev2.hidrostyle.ro\/en\/spa-wellness-category\/salinizers\/\">See the products<\/a><\/p>\n<\/div>\n<div><img decoding=\"async\" src=\"https:\/\/dev2.hidrostyle.ro\/wp-content\/uploads\/2024\/04\/salina.png\" \/><\/div>\n<\/div>\n<\/section>\n<hr \/>\n<section>\n<div class=\"row-grid grid-gap grid-m grid-center columns-2\">\n<div>\n<h1>Paturi \u0219i mese de masaj<\/h1>\n<p>Exploreaz\u0103 colec\u021bia ISO Benessere de paturi \u0219i mese de masaj, concepute pentru a transforma fiecare tratament \u00eentr-o experien\u021b\u0103 de relaxare profund\u0103. Aceste echipamente profesionale \u00eembin\u0103 designul elegant \u0219i ergonomia italian\u0103 cu tehnologii moderne, oferind ajustabilitate maxim\u0103, iluminare integrat\u0103 \u0219i finisaje premium.<\/p>\n<p><a class=\"btn\" href=\"https:\/\/dev2.hidrostyle.ro\/en\/spa-wellness-category\/paturi-si-mese-de-masaj\/\">See the products<\/a><\/p>\n<\/div>\n<div><img decoding=\"async\" src=\"https:\/\/dev2.hidrostyle.ro\/wp-content\/uploads\/2025\/03\/categorie-masaj-poya.jpg\" \/><\/div>\n<\/div>\n<\/section>","protected":false},"excerpt":{"rendered":"<p>In our Spa &amp; Wellness universe, luxury and relaxation intertwine in a symphony of sensations. Emotional showers awaken the senses and invigorate the spirit, thermal sunbeds relieve tension [...]<\/p>","protected":false},"author":10,"featured_media":7777,"parent":0,"menu_order":0,"comment_status":"closed","ping_status":"closed","template":"page-hero-wide.php","meta":{"footnotes":""},"class_list":["post-8001","page","type-page","status-publish","has-post-thumbnail","hentry"],"_links":{"self":[{"href":"https:\/\/dev2.hidrostyle.ro\/en\/wp-json\/wp\/v2\/pages\/8001","targetHints":{"allow":["GET"]}}],"collection":[{"href":"https:\/\/dev2.hidrostyle.ro\/en\/wp-json\/wp\/v2\/pages"}],"about":[{"href":"https:\/\/dev2.hidrostyle.ro\/en\/wp-json\/wp\/v2\/types\/page"}],"author":[{"embeddable":true,"href":"https:\/\/dev2.hidrostyle.ro\/en\/wp-json\/wp\/v2\/users\/10"}],"replies":[{"embeddable":true,"href":"https:\/\/dev2.hidrostyle.ro\/en\/wp-json\/wp\/v2\/comments?post=8001"}],"version-history":[{"count":32,"href":"https:\/\/dev2.hidrostyle.ro\/en\/wp-json\/wp\/v2\/pages\/8001\/revisions"}],"predecessor-version":[{"id":13588,"href":"https:\/\/dev2.hidrostyle.ro\/en\/wp-json\/wp\/v2\/pages\/8001\/revisions\/13588"}],"wp:featuredmedia":[{"embeddable":true,"href":"https:\/\/dev2.hidrostyle.ro\/en\/wp-json\/wp\/v2\/media\/7777"}],"wp:attachment":[{"href":"https:\/\/dev2.hidrostyle.ro\/en\/wp-json\/wp\/v2\/media?parent=8001"}],"curies":[{"name":"wp","href":"https:\/\/api.w.org\/{rel}","templated":true}]}}